{"id":381014,"date":"2025-09-05T22:13:13","date_gmt":"2025-09-05T20:13:13","guid":{"rendered":"https:\/\/www.atta45.se\/e-butik\/produkt\/klohammare-i-boktra-asha\/"},"modified":"2025-10-27T21:49:11","modified_gmt":"2025-10-27T20:49:11","slug":"klohammare-i-boktra-asha","status":"publish","type":"product","link":"https:\/\/www.atta45.se\/e-butik\/produkt\/klohammare-i-boktra-asha\/","title":{"rendered":"Klohammare i boktr\u00e4 Asha"},"content":{"rendered":"<p>Klohammare i boktr\u00e4 med ett slitstarkt st\u00e5lhuvud. S\u00e4kert f\u00f6rpackad med kraftpappershylsa och pappersband runt huvudet f\u00f6r extra skydd.<\/p>\n","protected":false},"excerpt":{"rendered":"<p>Klohammare i boktr\u00e4 med ett slitstarkt st\u00e5lhuvud. S\u00e4kert f\u00f6rpackad med kraftpappershylsa och pappersband runt huvudet f\u00f6r extra skydd.<\/p>\n","protected":false},"featured_media":381015,"template":"","meta":{"_acf_changed":false,"_seopress_robots_primary_cat":"","_seopress_titles_title":"","_seopress_titles_desc":"","_seopress_robots_index":""},"product_brand":[],"product_cat":[15],"product_tag":[],"class_list":{"0":"post-381014","1":"product","2":"type-product","3":"status-publish","4":"has-post-thumbnail","6":"product_cat-okategoriserad","7":"atta45_taxonomy-nyheter-sv","8":"atta45_taxonomy-tema-inspiration-utvalda-produkter-nyheter-sv","9":"atta45_taxonomy-reflexer-verktyg-sakerhet-verktyg-sv","11":"first","12":"instock","13":"taxable","14":"shipping-taxable","15":"purchasable","16":"product-type-variable"},"acf":[],"_links":{"self":[{"href":"https:\/\/www.atta45.se\/e-butik\/wp-json\/wp\/v2\/product\/381014","targetHints":{"allow":["GET"]}}],"collection":[{"href":"https:\/\/www.atta45.se\/e-butik\/wp-json\/wp\/v2\/product"}],"about":[{"href":"https:\/\/www.atta45.se\/e-butik\/wp-json\/wp\/v2\/types\/product"}],"wp:featuredmedia":[{"embeddable":true,"href":"https:\/\/www.atta45.se\/e-butik\/wp-json\/wp\/v2\/media\/381015"}],"wp:attachment":[{"href":"https:\/\/www.atta45.se\/e-butik\/wp-json\/wp\/v2\/media?parent=381014"}],"wp:term":[{"taxonomy":"product_brand","embeddable":true,"href":"https:\/\/www.atta45.se\/e-butik\/wp-json\/wp\/v2\/product_brand?post=381014"},{"taxonomy":"product_cat","embeddable":true,"href":"https:\/\/www.atta45.se\/e-butik\/wp-json\/wp\/v2\/product_cat?post=381014"},{"taxonomy":"product_tag","embeddable":true,"href":"https:\/\/www.atta45.se\/e-butik\/wp-json\/wp\/v2\/product_tag?post=381014"}],"curies":[{"name":"wp","href":"https:\/\/api.w.org\/{rel}","templated":true}]}}