{"id":380978,"date":"2025-09-05T22:11:12","date_gmt":"2025-09-05T20:11:12","guid":{"rendered":"https:\/\/www.atta45.se\/e-butik\/produkt\/nyckelring-med-vattenpass-i-atervunnen-abs-indira\/"},"modified":"2025-10-27T21:48:58","modified_gmt":"2025-10-27T20:48:58","slug":"nyckelring-med-vattenpass-i-atervunnen-abs-indira","status":"publish","type":"product","link":"https:\/\/www.atta45.se\/e-butik\/produkt\/nyckelring-med-vattenpass-i-atervunnen-abs-indira\/","title":{"rendered":"Nyckelring med vattenpass i \u00e5tervunnen ABS Indira"},"content":{"rendered":"<p>Magnetisk nyckelring med vattenpass i \u00e5tervunnen ABS med storleksangivelse p\u00e5 framsidan. Har en magnetremsa p\u00e5 undersidan f\u00f6r fasts\u00e4ttning p\u00e5 metallytor. Inkluderar en nyckelring och logotyp i \u00e5tervunnen ABS p\u00e5 baksidan. Individuellt f\u00f6rpackad i en brun kartong.<\/p>\n","protected":false},"excerpt":{"rendered":"<p>Magnetisk nyckelring med vattenpass i \u00e5tervunnen ABS med storleksangivelse p\u00e5 framsidan. Har en magnetremsa p\u00e5 undersidan f\u00f6r fasts\u00e4ttning p\u00e5 metallytor. Inkluderar en nyckelring och logotyp i \u00e5tervunnen ABS p\u00e5 baksidan. Individuellt f\u00f6rpackad i en brun kartong.<\/p>\n","protected":false},"featured_media":380979,"template":"","meta":{"_acf_changed":false,"_seopress_robots_primary_cat":"","_seopress_titles_title":"","_seopress_titles_desc":"","_seopress_robots_index":""},"product_brand":[],"product_cat":[15],"product_tag":[],"class_list":{"0":"post-380978","1":"product","2":"type-product","3":"status-publish","4":"has-post-thumbnail","6":"product_cat-okategoriserad","7":"atta45_taxonomy-praktiska-ting-nyckelringar-utan-lampor-sv","9":"first","10":"instock","11":"taxable","12":"shipping-taxable","13":"purchasable","14":"product-type-variable"},"acf":[],"_links":{"self":[{"href":"https:\/\/www.atta45.se\/e-butik\/wp-json\/wp\/v2\/product\/380978","targetHints":{"allow":["GET"]}}],"collection":[{"href":"https:\/\/www.atta45.se\/e-butik\/wp-json\/wp\/v2\/product"}],"about":[{"href":"https:\/\/www.atta45.se\/e-butik\/wp-json\/wp\/v2\/types\/product"}],"wp:featuredmedia":[{"embeddable":true,"href":"https:\/\/www.atta45.se\/e-butik\/wp-json\/wp\/v2\/media\/380979"}],"wp:attachment":[{"href":"https:\/\/www.atta45.se\/e-butik\/wp-json\/wp\/v2\/media?parent=380978"}],"wp:term":[{"taxonomy":"product_brand","embeddable":true,"href":"https:\/\/www.atta45.se\/e-butik\/wp-json\/wp\/v2\/product_brand?post=380978"},{"taxonomy":"product_cat","embeddable":true,"href":"https:\/\/www.atta45.se\/e-butik\/wp-json\/wp\/v2\/product_cat?post=380978"},{"taxonomy":"product_tag","embeddable":true,"href":"https:\/\/www.atta45.se\/e-butik\/wp-json\/wp\/v2\/product_tag?post=380978"}],"curies":[{"name":"wp","href":"https:\/\/api.w.org\/{rel}","templated":true}]}}