{"id":380954,"date":"2025-09-05T22:09:13","date_gmt":"2025-09-05T20:09:13","guid":{"rendered":"https:\/\/www.atta45.se\/e-butik\/produkt\/pekskarmhandskar-i-rpet-nira\/"},"modified":"2025-10-27T21:48:47","modified_gmt":"2025-10-27T20:48:47","slug":"pekskarmhandskar-i-rpet-nira","status":"publish","type":"product","link":"https:\/\/www.atta45.se\/e-butik\/produkt\/pekskarmhandskar-i-rpet-nira\/","title":{"rendered":"Peksk\u00e4rmhandskar,i rPET, Elena"},"content":{"rendered":"<p>rPET-peksk\u00e4rmshandskar med ledande bel\u00e4ggning p\u00e5 tre fingrar f\u00f6r sk\u00e4rmanv\u00e4ndning. Inkluderar en rPET-etikett p\u00e5 utsidan och en tv\u00e4ttetikett med information p\u00e5 insidan.<\/p>\n","protected":false},"excerpt":{"rendered":"<p>rPET-peksk\u00e4rmshandskar med ledande bel\u00e4ggning p\u00e5 tre fingrar f\u00f6r sk\u00e4rmanv\u00e4ndning. Inkluderar en rPET-etikett p\u00e5 utsidan och en tv\u00e4ttetikett med information p\u00e5 insidan.<\/p>\n","protected":false},"featured_media":380955,"template":"","meta":{"_acf_changed":false,"_seopress_robots_primary_cat":"","_seopress_titles_title":"","_seopress_titles_desc":"","_seopress_robots_index":""},"product_brand":[],"product_cat":[15],"product_tag":[],"class_list":{"0":"post-380954","1":"product","2":"type-product","3":"status-publish","4":"has-post-thumbnail","6":"product_cat-okategoriserad","7":"atta45_taxonomy-fritid-sv","8":"atta45_taxonomy-nyheter-sv","9":"atta45_taxonomy-tema-inspiration-utvalda-produkter-nyheter-sv","11":"first","12":"instock","13":"taxable","14":"shipping-taxable","15":"purchasable","16":"product-type-variable"},"acf":[],"_links":{"self":[{"href":"https:\/\/www.atta45.se\/e-butik\/wp-json\/wp\/v2\/product\/380954","targetHints":{"allow":["GET"]}}],"collection":[{"href":"https:\/\/www.atta45.se\/e-butik\/wp-json\/wp\/v2\/product"}],"about":[{"href":"https:\/\/www.atta45.se\/e-butik\/wp-json\/wp\/v2\/types\/product"}],"wp:featuredmedia":[{"embeddable":true,"href":"https:\/\/www.atta45.se\/e-butik\/wp-json\/wp\/v2\/media\/380955"}],"wp:attachment":[{"href":"https:\/\/www.atta45.se\/e-butik\/wp-json\/wp\/v2\/media?parent=380954"}],"wp:term":[{"taxonomy":"product_brand","embeddable":true,"href":"https:\/\/www.atta45.se\/e-butik\/wp-json\/wp\/v2\/product_brand?post=380954"},{"taxonomy":"product_cat","embeddable":true,"href":"https:\/\/www.atta45.se\/e-butik\/wp-json\/wp\/v2\/product_cat?post=380954"},{"taxonomy":"product_tag","embeddable":true,"href":"https:\/\/www.atta45.se\/e-butik\/wp-json\/wp\/v2\/product_tag?post=380954"}],"curies":[{"name":"wp","href":"https:\/\/api.w.org\/{rel}","templated":true}]}}