{"id":380938,"date":"2025-09-05T22:08:14","date_gmt":"2025-09-05T20:08:14","guid":{"rendered":"https:\/\/www.atta45.se\/e-butik\/produkt\/snoskyffel-i-pp-zaya\/"},"modified":"2025-10-27T21:48:34","modified_gmt":"2025-10-27T20:48:34","slug":"snoskyffel-i-pp-zaya","status":"publish","type":"product","link":"https:\/\/www.atta45.se\/e-butik\/produkt\/snoskyffel-i-pp-zaya\/","title":{"rendered":"Sn\u00f6skyffel i PP Zaya"},"content":{"rendered":"<p>Sn\u00f6skyffel i PP och st\u00e5l med en totall\u00e4ngd p\u00e5 78,5 cm. H\u00f6gerh\u00e4nt modell med avtagbar tv\u00e5delad design f\u00f6r enkel f\u00f6rvaring. Har ett slitstarkt plasthandtag. F\u00f6rpackad i bulk, 20 stycken per l\u00e5da.<\/p>\n","protected":false},"excerpt":{"rendered":"<p>Sn\u00f6skyffel i PP och st\u00e5l med en totall\u00e4ngd p\u00e5 78,5 cm. H\u00f6gerh\u00e4nt modell med avtagbar tv\u00e5delad design f\u00f6r enkel f\u00f6rvaring. Har ett slitstarkt plasthandtag. F\u00f6rpackad i bulk, 20 stycken per l\u00e5da.<\/p>\n","protected":false},"featured_media":380939,"template":"","meta":{"_acf_changed":false,"_seopress_robots_primary_cat":"","_seopress_titles_title":"","_seopress_titles_desc":"","_seopress_robots_index":""},"product_brand":[],"product_cat":[15],"product_tag":[],"class_list":{"0":"post-380938","1":"product","2":"type-product","3":"status-publish","4":"has-post-thumbnail","6":"product_cat-okategoriserad","7":"atta45_taxonomy-nyheter-sv","8":"atta45_taxonomy-tema-inspiration-utvalda-produkter-nyheter-sv","9":"atta45_taxonomy-reflexer-verktyg-sakerhet-verktyg-sv","11":"first","12":"instock","13":"taxable","14":"shipping-taxable","15":"purchasable","16":"product-type-variable"},"acf":[],"_links":{"self":[{"href":"https:\/\/www.atta45.se\/e-butik\/wp-json\/wp\/v2\/product\/380938","targetHints":{"allow":["GET"]}}],"collection":[{"href":"https:\/\/www.atta45.se\/e-butik\/wp-json\/wp\/v2\/product"}],"about":[{"href":"https:\/\/www.atta45.se\/e-butik\/wp-json\/wp\/v2\/types\/product"}],"wp:featuredmedia":[{"embeddable":true,"href":"https:\/\/www.atta45.se\/e-butik\/wp-json\/wp\/v2\/media\/380939"}],"wp:attachment":[{"href":"https:\/\/www.atta45.se\/e-butik\/wp-json\/wp\/v2\/media?parent=380938"}],"wp:term":[{"taxonomy":"product_brand","embeddable":true,"href":"https:\/\/www.atta45.se\/e-butik\/wp-json\/wp\/v2\/product_brand?post=380938"},{"taxonomy":"product_cat","embeddable":true,"href":"https:\/\/www.atta45.se\/e-butik\/wp-json\/wp\/v2\/product_cat?post=380938"},{"taxonomy":"product_tag","embeddable":true,"href":"https:\/\/www.atta45.se\/e-butik\/wp-json\/wp\/v2\/product_tag?post=380938"}],"curies":[{"name":"wp","href":"https:\/\/api.w.org\/{rel}","templated":true}]}}