{"id":380924,"date":"2025-09-05T22:06:14","date_gmt":"2025-09-05T20:06:14","guid":{"rendered":"https:\/\/www.atta45.se\/e-butik\/produkt\/golftee-set-i-atervunnen-abs-aveline\/"},"modified":"2025-10-27T21:46:49","modified_gmt":"2025-10-27T20:46:49","slug":"golftee-set-i-atervunnen-abs-aveline","status":"publish","type":"product","link":"https:\/\/www.atta45.se\/e-butik\/produkt\/golftee-set-i-atervunnen-abs-aveline\/","title":{"rendered":"Golftee-set i \u00e5tervunnen ABS Aveline"},"content":{"rendered":"<p>Golftee-set i \u00e5tervunnen ABS best\u00e5ende av 12 tees i en kompakt h\u00e5llare med tre mark\u00f6rer p\u00e5 baksidan. Har en metallsn\u00f6re f\u00f6r enkel montering och logotypen i \u00e5tervunnen ABS p\u00e5 baksidan.<\/p>\n","protected":false},"excerpt":{"rendered":"<p>Golftee-set i \u00e5tervunnen ABS best\u00e5ende av 12 tees i en kompakt h\u00e5llare med tre mark\u00f6rer p\u00e5 baksidan. Har en metallsn\u00f6re f\u00f6r enkel montering och logotypen i \u00e5tervunnen ABS p\u00e5 baksidan.<\/p>\n","protected":false},"featured_media":380925,"template":"","meta":{"_acf_changed":false,"_seopress_robots_primary_cat":"","_seopress_titles_title":"","_seopress_titles_desc":"","_seopress_robots_index":""},"product_brand":[],"product_cat":[15],"product_tag":[],"class_list":{"0":"post-380924","1":"product","2":"type-product","3":"status-publish","4":"has-post-thumbnail","6":"product_cat-okategoriserad","7":"atta45_taxonomy-fritid-sv","8":"atta45_taxonomy-fritid-sportartiklar-sv","10":"first","11":"instock","12":"taxable","13":"shipping-taxable","14":"purchasable","15":"product-type-variable"},"acf":[],"_links":{"self":[{"href":"https:\/\/www.atta45.se\/e-butik\/wp-json\/wp\/v2\/product\/380924","targetHints":{"allow":["GET"]}}],"collection":[{"href":"https:\/\/www.atta45.se\/e-butik\/wp-json\/wp\/v2\/product"}],"about":[{"href":"https:\/\/www.atta45.se\/e-butik\/wp-json\/wp\/v2\/types\/product"}],"wp:featuredmedia":[{"embeddable":true,"href":"https:\/\/www.atta45.se\/e-butik\/wp-json\/wp\/v2\/media\/380925"}],"wp:attachment":[{"href":"https:\/\/www.atta45.se\/e-butik\/wp-json\/wp\/v2\/media?parent=380924"}],"wp:term":[{"taxonomy":"product_brand","embeddable":true,"href":"https:\/\/www.atta45.se\/e-butik\/wp-json\/wp\/v2\/product_brand?post=380924"},{"taxonomy":"product_cat","embeddable":true,"href":"https:\/\/www.atta45.se\/e-butik\/wp-json\/wp\/v2\/product_cat?post=380924"},{"taxonomy":"product_tag","embeddable":true,"href":"https:\/\/www.atta45.se\/e-butik\/wp-json\/wp\/v2\/product_tag?post=380924"}],"curies":[{"name":"wp","href":"https:\/\/api.w.org\/{rel}","templated":true}]}}