{"id":380910,"date":"2025-09-05T22:05:14","date_gmt":"2025-09-05T20:05:14","guid":{"rendered":"https:\/\/www.atta45.se\/e-butik\/produkt\/hogtalare-i-atervunnen-abs-mireya\/"},"modified":"2025-10-27T21:46:36","modified_gmt":"2025-10-27T20:46:36","slug":"hogtalare-i-atervunnen-abs-mireya","status":"publish","type":"product","link":"https:\/\/www.atta45.se\/e-butik\/produkt\/hogtalare-i-atervunnen-abs-mireya\/","title":{"rendered":"H\u00f6gtalare i \u00e5tervunnen ABS, Mireya"},"content":{"rendered":"<p>Tr\u00e5dl\u00f6s h\u00f6gtalare i \u00e5tervunnet ABS- och rPET-tyg med liten nylonb\u00e4rsladd. Batterikapacitet 300 mAh med 3W uteffekt, tr\u00e5dl\u00f6s teknik version 5.3 och 10 meters r\u00e4ckvidd. Laddningstid cirka 2 timmar, med en uppspelningstid p\u00e5 2\u20133 timmar. Inkluderar 30 cm vit USB-C-laddningskabel. Har rPET-logotyp p\u00e5 tyget och \u00e5tervunnet ABS-logotyp p\u00e5 sidan. Individuellt f\u00f6rpackad i en brun kartong.<\/p>\n","protected":false},"excerpt":{"rendered":"<p>Tr\u00e5dl\u00f6s h\u00f6gtalare i \u00e5tervunnet ABS- och rPET-tyg med liten nylonb\u00e4rsladd. Batterikapacitet 300 mAh med 3W uteffekt, tr\u00e5dl\u00f6s teknik version 5.3 och 10 meters r\u00e4ckvidd. Laddningstid cirka 2 timmar, med en uppspelningstid p\u00e5 2\u20133 timmar. Inkluderar 30 cm vit USB-C-laddningskabel. Har rPET-logotyp p\u00e5 tyget och \u00e5tervunnet ABS-logotyp p\u00e5 sidan. Individuellt f\u00f6rpackad i en brun kartong.<\/p>\n","protected":false},"featured_media":380911,"template":"","meta":{"_acf_changed":false,"_seopress_robots_primary_cat":"","_seopress_titles_title":"","_seopress_titles_desc":"","_seopress_robots_index":""},"product_brand":[],"product_cat":[15],"product_tag":[],"class_list":{"0":"post-380910","1":"product","2":"type-product","3":"status-publish","4":"has-post-thumbnail","6":"product_cat-okategoriserad","7":"atta45_taxonomy-elektronik-kontor-sv","8":"atta45_taxonomy-nyheter-sv","9":"atta45_taxonomy-tema-inspiration-utvalda-produkter-nyheter-sv","10":"atta45_taxonomy-elektronik-kontor-powerbank-speakers-sv","12":"first","13":"instock","14":"taxable","15":"shipping-taxable","16":"purchasable","17":"product-type-variable"},"acf":[],"_links":{"self":[{"href":"https:\/\/www.atta45.se\/e-butik\/wp-json\/wp\/v2\/product\/380910","targetHints":{"allow":["GET"]}}],"collection":[{"href":"https:\/\/www.atta45.se\/e-butik\/wp-json\/wp\/v2\/product"}],"about":[{"href":"https:\/\/www.atta45.se\/e-butik\/wp-json\/wp\/v2\/types\/product"}],"wp:featuredmedia":[{"embeddable":true,"href":"https:\/\/www.atta45.se\/e-butik\/wp-json\/wp\/v2\/media\/380911"}],"wp:attachment":[{"href":"https:\/\/www.atta45.se\/e-butik\/wp-json\/wp\/v2\/media?parent=380910"}],"wp:term":[{"taxonomy":"product_brand","embeddable":true,"href":"https:\/\/www.atta45.se\/e-butik\/wp-json\/wp\/v2\/product_brand?post=380910"},{"taxonomy":"product_cat","embeddable":true,"href":"https:\/\/www.atta45.se\/e-butik\/wp-json\/wp\/v2\/product_cat?post=380910"},{"taxonomy":"product_tag","embeddable":true,"href":"https:\/\/www.atta45.se\/e-butik\/wp-json\/wp\/v2\/product_tag?post=380910"}],"curies":[{"name":"wp","href":"https:\/\/api.w.org\/{rel}","templated":true}]}}