{"id":380882,"date":"2025-09-05T22:03:13","date_gmt":"2025-09-05T20:03:13","guid":{"rendered":"https:\/\/www.atta45.se\/e-butik\/produkt\/dricksflaska-i-atervunnet-rostfritt-stal-500-ml-sena\/"},"modified":"2025-10-27T21:46:25","modified_gmt":"2025-10-27T20:46:25","slug":"dricksflaska-i-atervunnet-rostfritt-stal-500-ml-sena","status":"publish","type":"product","link":"https:\/\/www.atta45.se\/e-butik\/produkt\/dricksflaska-i-atervunnet-rostfritt-stal-500-ml-sena\/","title":{"rendered":"Dricksflaska, i \u00e5tervunnet rostfritt st\u00e5l, (500 ml), Sena"},"content":{"rendered":"<p>Dubbelv\u00e4ggig vakuumflaska i \u00e5tervunnet rostfritt st\u00e5l (500 ml) med insida i rostfritt st\u00e5l 304 och utsida i rostfritt st\u00e5l 201. Ytbehandling med gummerad yta f\u00f6r en mjuk k\u00e4nsla. Skruvlock i PP med metalldetaljer och silikon\u00f6gla. Graverad logotyp i \u00e5tervunnet st\u00e5l p\u00e5 h\u00f6ljet. Individuellt f\u00f6rpackad i brun kartong.<\/p>\n","protected":false},"excerpt":{"rendered":"<p>Dubbelv\u00e4ggig vakuumflaska i \u00e5tervunnet rostfritt st\u00e5l (500 ml) med insida i rostfritt st\u00e5l 304 och utsida i rostfritt st\u00e5l 201. Ytbehandling med gummerad yta f\u00f6r en mjuk k\u00e4nsla. Skruvlock i PP med metalldetaljer och silikon\u00f6gla. Graverad logotyp i \u00e5tervunnet st\u00e5l p\u00e5 h\u00f6ljet. Individuellt f\u00f6rpackad i brun kartong.<\/p>\n","protected":false},"featured_media":380883,"template":"","meta":{"_acf_changed":false,"_seopress_robots_primary_cat":"","_seopress_titles_title":"","_seopress_titles_desc":"","_seopress_robots_index":""},"product_brand":[],"product_cat":[15],"product_tag":[],"class_list":{"0":"post-380882","1":"product","2":"type-product","3":"status-publish","4":"has-post-thumbnail","6":"product_cat-okategoriserad","7":"atta45_taxonomy-flaskor-sv","8":"atta45_taxonomy-nyheter-sv","9":"atta45_taxonomy-tema-inspiration-utvalda-produkter-nyheter-sv","10":"atta45_taxonomy-fritid-vattenflaskor-sv","12":"first","13":"instock","14":"taxable","15":"shipping-taxable","16":"purchasable","17":"product-type-variable"},"acf":[],"_links":{"self":[{"href":"https:\/\/www.atta45.se\/e-butik\/wp-json\/wp\/v2\/product\/380882","targetHints":{"allow":["GET"]}}],"collection":[{"href":"https:\/\/www.atta45.se\/e-butik\/wp-json\/wp\/v2\/product"}],"about":[{"href":"https:\/\/www.atta45.se\/e-butik\/wp-json\/wp\/v2\/types\/product"}],"wp:featuredmedia":[{"embeddable":true,"href":"https:\/\/www.atta45.se\/e-butik\/wp-json\/wp\/v2\/media\/380883"}],"wp:attachment":[{"href":"https:\/\/www.atta45.se\/e-butik\/wp-json\/wp\/v2\/media?parent=380882"}],"wp:term":[{"taxonomy":"product_brand","embeddable":true,"href":"https:\/\/www.atta45.se\/e-butik\/wp-json\/wp\/v2\/product_brand?post=380882"},{"taxonomy":"product_cat","embeddable":true,"href":"https:\/\/www.atta45.se\/e-butik\/wp-json\/wp\/v2\/product_cat?post=380882"},{"taxonomy":"product_tag","embeddable":true,"href":"https:\/\/www.atta45.se\/e-butik\/wp-json\/wp\/v2\/product_tag?post=380882"}],"curies":[{"name":"wp","href":"https:\/\/api.w.org\/{rel}","templated":true}]}}