{"id":380862,"date":"2025-09-05T22:01:13","date_gmt":"2025-09-05T20:01:13","guid":{"rendered":"https:\/\/www.atta45.se\/e-butik\/produkt\/korklas-fran-brandcharger-vortex-hydroboost-250-ml\/"},"modified":"2025-10-27T21:46:14","modified_gmt":"2025-10-27T20:46:14","slug":"korklas-fran-brandcharger-vortex-hydroboost-250-ml","status":"publish","type":"product","link":"https:\/\/www.atta45.se\/e-butik\/produkt\/korklas-fran-brandcharger-vortex-hydroboost-250-ml\/","title":{"rendered":"Korkl\u00e5s, fr\u00e5n BrandCharger Vortex Hydroboost (250 ml)"},"content":{"rendered":"<p>Vortex Hydroboost Cap f\u00f6rvandlar vilken Calix-mugg som helst till en l\u00e4ckages\u00e4ker, h\u00f6gpresterande v\u00e4tskekompanjon. Ger 250 ml extra kapacitet och har klickf\u00f6rslutning och b\u00e4r\u00f6gla. Kompatibel med Vortex Calix-serien: Calix Eco, Calix XL Eco, Calix Ceramica Eco. Dubbelv\u00e4ggig och l\u00e4ckages\u00e4ker.<\/p>\n","protected":false},"excerpt":{"rendered":"<p>Vortex Hydroboost Cap f\u00f6rvandlar vilken Calix-mugg som helst till en l\u00e4ckages\u00e4ker, h\u00f6gpresterande v\u00e4tskekompanjon. Ger 250 ml extra kapacitet och har klickf\u00f6rslutning och b\u00e4r\u00f6gla. Kompatibel med Vortex Calix-serien: Calix Eco, Calix XL Eco, Calix Ceramica Eco. Dubbelv\u00e4ggig och l\u00e4ckages\u00e4ker.<\/p>\n","protected":false},"featured_media":380863,"template":"","meta":{"_acf_changed":false,"_seopress_robots_primary_cat":"","_seopress_titles_title":"","_seopress_titles_desc":"","_seopress_robots_index":""},"product_brand":[],"product_cat":[15],"product_tag":[],"class_list":{"0":"post-380862","1":"product","2":"type-product","3":"status-publish","4":"has-post-thumbnail","6":"product_cat-okategoriserad","7":"atta45_taxonomy-flaskor-sv","8":"atta45_taxonomy-tema-inspiration-utvalda-produkter-nyheter-sv","9":"atta45_taxonomy-nyheter-sv","10":"atta45_taxonomy-tema-inspiration-varumarken-sv","11":"atta45_taxonomy-fritid-vattenflaskor-sv","13":"first","14":"instock","15":"taxable","16":"shipping-taxable","17":"purchasable","18":"product-type-variable"},"acf":[],"_links":{"self":[{"href":"https:\/\/www.atta45.se\/e-butik\/wp-json\/wp\/v2\/product\/380862","targetHints":{"allow":["GET"]}}],"collection":[{"href":"https:\/\/www.atta45.se\/e-butik\/wp-json\/wp\/v2\/product"}],"about":[{"href":"https:\/\/www.atta45.se\/e-butik\/wp-json\/wp\/v2\/types\/product"}],"wp:featuredmedia":[{"embeddable":true,"href":"https:\/\/www.atta45.se\/e-butik\/wp-json\/wp\/v2\/media\/380863"}],"wp:attachment":[{"href":"https:\/\/www.atta45.se\/e-butik\/wp-json\/wp\/v2\/media?parent=380862"}],"wp:term":[{"taxonomy":"product_brand","embeddable":true,"href":"https:\/\/www.atta45.se\/e-butik\/wp-json\/wp\/v2\/product_brand?post=380862"},{"taxonomy":"product_cat","embeddable":true,"href":"https:\/\/www.atta45.se\/e-butik\/wp-json\/wp\/v2\/product_cat?post=380862"},{"taxonomy":"product_tag","embeddable":true,"href":"https:\/\/www.atta45.se\/e-butik\/wp-json\/wp\/v2\/product_tag?post=380862"}],"curies":[{"name":"wp","href":"https:\/\/api.w.org\/{rel}","templated":true}]}}