{"id":380842,"date":"2025-09-05T22:00:15","date_gmt":"2025-09-05T20:00:15","guid":{"rendered":"https:\/\/www.atta45.se\/e-butik\/produkt\/skruvmejselsats-gummitra-leni\/"},"modified":"2025-10-27T21:46:02","modified_gmt":"2025-10-27T20:46:02","slug":"skruvmejselsats-gummitra-leni","status":"publish","type":"product","link":"https:\/\/www.atta45.se\/e-butik\/produkt\/skruvmejselsats-gummitra-leni\/","title":{"rendered":"Skruvmejselsats, Gummitr\u00e4, Leni"},"content":{"rendered":"<p>Skruvmejselsats i gummitr\u00e4 med fyra magnetiska bits (tv\u00e5 p\u00e5 varje dubbelsidig stift) f\u00f6rvarade inuti handtaget. Praktisk och kompakt design med utbytbara bits och h\u00e5llare. Individuellt f\u00f6rpackade i en brun kartong.<\/p>\n","protected":false},"excerpt":{"rendered":"<p>Skruvmejselsats i gummitr\u00e4 med fyra magnetiska bits (tv\u00e5 p\u00e5 varje dubbelsidig stift) f\u00f6rvarade inuti handtaget. Praktisk och kompakt design med utbytbara bits och h\u00e5llare. Individuellt f\u00f6rpackade i en brun kartong.<\/p>\n","protected":false},"featured_media":380843,"template":"","meta":{"_acf_changed":false,"_seopress_robots_primary_cat":"","_seopress_titles_title":"","_seopress_titles_desc":"","_seopress_robots_index":""},"product_brand":[],"product_cat":[15],"product_tag":[],"class_list":{"0":"post-380842","1":"product","2":"type-product","3":"status-publish","4":"has-post-thumbnail","6":"product_cat-okategoriserad","7":"atta45_taxonomy-nyheter-sv","8":"atta45_taxonomy-tema-inspiration-utvalda-produkter-nyheter-sv","9":"atta45_taxonomy-reflexer-verktyg-sakerhet-verktyg-sv","11":"first","12":"instock","13":"taxable","14":"shipping-taxable","15":"purchasable","16":"product-type-variable"},"acf":[],"_links":{"self":[{"href":"https:\/\/www.atta45.se\/e-butik\/wp-json\/wp\/v2\/product\/380842","targetHints":{"allow":["GET"]}}],"collection":[{"href":"https:\/\/www.atta45.se\/e-butik\/wp-json\/wp\/v2\/product"}],"about":[{"href":"https:\/\/www.atta45.se\/e-butik\/wp-json\/wp\/v2\/types\/product"}],"wp:featuredmedia":[{"embeddable":true,"href":"https:\/\/www.atta45.se\/e-butik\/wp-json\/wp\/v2\/media\/380843"}],"wp:attachment":[{"href":"https:\/\/www.atta45.se\/e-butik\/wp-json\/wp\/v2\/media?parent=380842"}],"wp:term":[{"taxonomy":"product_brand","embeddable":true,"href":"https:\/\/www.atta45.se\/e-butik\/wp-json\/wp\/v2\/product_brand?post=380842"},{"taxonomy":"product_cat","embeddable":true,"href":"https:\/\/www.atta45.se\/e-butik\/wp-json\/wp\/v2\/product_cat?post=380842"},{"taxonomy":"product_tag","embeddable":true,"href":"https:\/\/www.atta45.se\/e-butik\/wp-json\/wp\/v2\/product_tag?post=380842"}],"curies":[{"name":"wp","href":"https:\/\/api.w.org\/{rel}","templated":true}]}}