{"id":380824,"date":"2025-09-05T21:58:15","date_gmt":"2025-09-05T19:58:15","guid":{"rendered":"https:\/\/www.atta45.se\/e-butik\/produkt\/tandstang-rostfritt-stal-azra\/"},"modified":"2025-10-27T21:45:49","modified_gmt":"2025-10-27T20:45:49","slug":"tandstang-rostfritt-stal-azra","status":"publish","type":"product","link":"https:\/\/www.atta45.se\/e-butik\/produkt\/tandstang-rostfritt-stal-azra\/","title":{"rendered":"t\u00e4ndst\u00e5ng, rostfritt st\u00e5l, Azra"},"content":{"rendered":"<p>T\u00e4ndblock i rostfritt st\u00e5l med handtag i furu och polyestersn\u00f6re som f\u00f6rbinder skrapverktyget och t\u00e4ndpinnen. Den multifunktionella skrapan inkluderar en flask\u00f6ppnare, precisionslinjal och insexnyckel. F\u00f6r att aktivera, skrapa bort den svarta bel\u00e4ggningen p\u00e5 t\u00e4ndpinnen f\u00f6re anv\u00e4ndning. Set i tv\u00e5 delar. Individuellt f\u00f6rpackad i en brun kartong.<\/p>\n","protected":false},"excerpt":{"rendered":"<p>T\u00e4ndblock i rostfritt st\u00e5l med handtag i furu och polyestersn\u00f6re som f\u00f6rbinder skrapverktyget och t\u00e4ndpinnen. Den multifunktionella skrapan inkluderar en flask\u00f6ppnare, precisionslinjal och insexnyckel. F\u00f6r att aktivera, skrapa bort den svarta bel\u00e4ggningen p\u00e5 t\u00e4ndpinnen f\u00f6re anv\u00e4ndning. Set i tv\u00e5 delar. Individuellt f\u00f6rpackad i en brun kartong.<\/p>\n","protected":false},"featured_media":380825,"template":"","meta":{"_acf_changed":false,"_seopress_robots_primary_cat":"","_seopress_titles_title":"","_seopress_titles_desc":"","_seopress_robots_index":""},"product_brand":[],"product_cat":[15],"product_tag":[],"class_list":{"0":"post-380824","1":"product","2":"type-product","3":"status-publish","4":"has-post-thumbnail","6":"product_cat-okategoriserad","7":"atta45_taxonomy-fritid-sv","8":"atta45_taxonomy-nyheter-sv","9":"atta45_taxonomy-tema-inspiration-utvalda-produkter-nyheter-sv","10":"atta45_taxonomy-fritid-overlevnadsprodukter-sv","11":"atta45_taxonomy-reflexer-verktyg-sakerhet-overlevnadsprodukter-sv","13":"first","14":"instock","15":"taxable","16":"shipping-taxable","17":"purchasable","18":"product-type-variable"},"acf":[],"_links":{"self":[{"href":"https:\/\/www.atta45.se\/e-butik\/wp-json\/wp\/v2\/product\/380824","targetHints":{"allow":["GET"]}}],"collection":[{"href":"https:\/\/www.atta45.se\/e-butik\/wp-json\/wp\/v2\/product"}],"about":[{"href":"https:\/\/www.atta45.se\/e-butik\/wp-json\/wp\/v2\/types\/product"}],"wp:featuredmedia":[{"embeddable":true,"href":"https:\/\/www.atta45.se\/e-butik\/wp-json\/wp\/v2\/media\/380825"}],"wp:attachment":[{"href":"https:\/\/www.atta45.se\/e-butik\/wp-json\/wp\/v2\/media?parent=380824"}],"wp:term":[{"taxonomy":"product_brand","embeddable":true,"href":"https:\/\/www.atta45.se\/e-butik\/wp-json\/wp\/v2\/product_brand?post=380824"},{"taxonomy":"product_cat","embeddable":true,"href":"https:\/\/www.atta45.se\/e-butik\/wp-json\/wp\/v2\/product_cat?post=380824"},{"taxonomy":"product_tag","embeddable":true,"href":"https:\/\/www.atta45.se\/e-butik\/wp-json\/wp\/v2\/product_tag?post=380824"}],"curies":[{"name":"wp","href":"https:\/\/api.w.org\/{rel}","templated":true}]}}