{"id":380772,"date":"2025-09-05T21:54:15","date_gmt":"2025-09-05T19:54:15","guid":{"rendered":"https:\/\/www.atta45.se\/e-butik\/produkt\/dricksflaska-i-atervunnet-rostfritt-stal-500-ml-solene\/"},"modified":"2025-10-27T21:45:04","modified_gmt":"2025-10-27T20:45:04","slug":"dricksflaska-i-atervunnet-rostfritt-stal-500-ml-solene","status":"publish","type":"product","link":"https:\/\/www.atta45.se\/e-butik\/produkt\/dricksflaska-i-atervunnet-rostfritt-stal-500-ml-solene\/","title":{"rendered":"Dricksflaska, i \u00e5tervunnet rostfritt, st\u00e5l (500 ml) Solene"},"content":{"rendered":"<p>Dubbelv\u00e4ggig vakuumflaska i \u00e5tervunnet rostfritt st\u00e5l (500 ml) med insida i rostfritt st\u00e5l 304 och utsida i rostfritt st\u00e5l 201. Har skruvlock i PP och polyesterlina. Utformad f\u00f6r isolering och vardagsbruk. Inkluderar en graverad logotyp i \u00e5tervunnet st\u00e5l. Silverf\u00e4rgad version finns tillg\u00e4nglig till l\u00e4gre pris. Individuellt f\u00f6rpackad i brun kartong.<\/p>\n","protected":false},"excerpt":{"rendered":"<p>Dubbelv\u00e4ggig vakuumflaska i \u00e5tervunnet rostfritt st\u00e5l (500 ml) med insida i rostfritt st\u00e5l 304 och utsida i rostfritt st\u00e5l 201. Har skruvlock i PP och polyesterlina. Utformad f\u00f6r isolering och vardagsbruk. Inkluderar en graverad logotyp i \u00e5tervunnet st\u00e5l. Silverf\u00e4rgad version finns tillg\u00e4nglig till l\u00e4gre pris. Individuellt f\u00f6rpackad i brun kartong.<\/p>\n","protected":false},"featured_media":380773,"template":"","meta":{"_acf_changed":false,"_seopress_robots_primary_cat":"","_seopress_titles_title":"","_seopress_titles_desc":"","_seopress_robots_index":""},"product_brand":[],"product_cat":[15],"product_tag":[],"class_list":{"0":"post-380772","1":"product","2":"type-product","3":"status-publish","4":"has-post-thumbnail","6":"product_cat-okategoriserad","7":"atta45_taxonomy-flaskor-sv","8":"atta45_taxonomy-tema-inspiration-utvalda-produkter-nyheter-sv","9":"atta45_taxonomy-nyheter-sv","10":"atta45_taxonomy-fritid-vattenflaskor-sv","12":"first","13":"instock","14":"taxable","15":"shipping-taxable","16":"purchasable","17":"product-type-variable"},"acf":[],"_links":{"self":[{"href":"https:\/\/www.atta45.se\/e-butik\/wp-json\/wp\/v2\/product\/380772","targetHints":{"allow":["GET"]}}],"collection":[{"href":"https:\/\/www.atta45.se\/e-butik\/wp-json\/wp\/v2\/product"}],"about":[{"href":"https:\/\/www.atta45.se\/e-butik\/wp-json\/wp\/v2\/types\/product"}],"wp:featuredmedia":[{"embeddable":true,"href":"https:\/\/www.atta45.se\/e-butik\/wp-json\/wp\/v2\/media\/380773"}],"wp:attachment":[{"href":"https:\/\/www.atta45.se\/e-butik\/wp-json\/wp\/v2\/media?parent=380772"}],"wp:term":[{"taxonomy":"product_brand","embeddable":true,"href":"https:\/\/www.atta45.se\/e-butik\/wp-json\/wp\/v2\/product_brand?post=380772"},{"taxonomy":"product_cat","embeddable":true,"href":"https:\/\/www.atta45.se\/e-butik\/wp-json\/wp\/v2\/product_cat?post=380772"},{"taxonomy":"product_tag","embeddable":true,"href":"https:\/\/www.atta45.se\/e-butik\/wp-json\/wp\/v2\/product_tag?post=380772"}],"curies":[{"name":"wp","href":"https:\/\/api.w.org\/{rel}","templated":true}]}}