{"id":380664,"date":"2025-09-05T21:45:32","date_gmt":"2025-09-05T19:45:32","guid":{"rendered":"https:\/\/www.atta45.se\/e-butik\/produkt\/shoppingkasse-atervunnen-nonwoven-80-gsm-vian\/"},"modified":"2025-10-27T21:44:06","modified_gmt":"2025-10-27T20:44:06","slug":"shoppingkasse-atervunnen-nonwoven-80-gsm-vian","status":"publish","type":"product","link":"https:\/\/www.atta45.se\/e-butik\/produkt\/shoppingkasse-atervunnen-nonwoven-80-gsm-vian\/","title":{"rendered":"Shoppingkasse, \u00c5tervunnen nonwoven (80 gsm),  Talisa"},"content":{"rendered":"<p>\u00c5tervunnen non-woven PP-p\u00e5se (80 gsm) med korsstygnshandtag. Har ett rymligt fack. Kapacitet 11 l, b\u00e4rkapacitet 7 kg.<\/p>\n","protected":false},"excerpt":{"rendered":"<p>\u00c5tervunnen non-woven PP-p\u00e5se (80 gsm) med korsstygnshandtag. Har ett rymligt fack. Kapacitet 11 l, b\u00e4rkapacitet 7 kg.<\/p>\n","protected":false},"featured_media":380665,"template":"","meta":{"_acf_changed":false,"_seopress_robots_primary_cat":"","_seopress_titles_title":"","_seopress_titles_desc":"","_seopress_robots_index":""},"product_brand":[],"product_cat":[15],"product_tag":[],"class_list":{"0":"post-380664","1":"product","2":"type-product","3":"status-publish","4":"has-post-thumbnail","6":"product_cat-okategoriserad","7":"atta45_taxonomy-kassar-pasar-kassar-sv","8":"atta45_taxonomy-tema-inspiration-utvalda-produkter-nyheter-sv","9":"atta45_taxonomy-nyheter-sv","10":"atta45_taxonomy-textil-organiskt-sv","11":"atta45_taxonomy-textil-vaskor-bagar-sv","12":"atta45_taxonomy-vaskor-resetillbehor-sv","14":"first","15":"instock","16":"taxable","17":"shipping-taxable","18":"purchasable","19":"product-type-variable"},"acf":[],"_links":{"self":[{"href":"https:\/\/www.atta45.se\/e-butik\/wp-json\/wp\/v2\/product\/380664","targetHints":{"allow":["GET"]}}],"collection":[{"href":"https:\/\/www.atta45.se\/e-butik\/wp-json\/wp\/v2\/product"}],"about":[{"href":"https:\/\/www.atta45.se\/e-butik\/wp-json\/wp\/v2\/types\/product"}],"wp:featuredmedia":[{"embeddable":true,"href":"https:\/\/www.atta45.se\/e-butik\/wp-json\/wp\/v2\/media\/380665"}],"wp:attachment":[{"href":"https:\/\/www.atta45.se\/e-butik\/wp-json\/wp\/v2\/media?parent=380664"}],"wp:term":[{"taxonomy":"product_brand","embeddable":true,"href":"https:\/\/www.atta45.se\/e-butik\/wp-json\/wp\/v2\/product_brand?post=380664"},{"taxonomy":"product_cat","embeddable":true,"href":"https:\/\/www.atta45.se\/e-butik\/wp-json\/wp\/v2\/product_cat?post=380664"},{"taxonomy":"product_tag","embeddable":true,"href":"https:\/\/www.atta45.se\/e-butik\/wp-json\/wp\/v2\/product_tag?post=380664"}],"curies":[{"name":"wp","href":"https:\/\/api.w.org\/{rel}","templated":true}]}}