{"id":380598,"date":"2025-09-05T21:41:39","date_gmt":"2025-09-05T19:41:39","guid":{"rendered":"https:\/\/www.atta45.se\/e-butik\/produkt\/shoppingkasse-nonwoven-80-gsm-taye\/"},"modified":"2025-10-27T21:43:50","modified_gmt":"2025-10-27T20:43:50","slug":"shoppingkasse-nonwoven-80-gsm-taye","status":"publish","type":"product","link":"https:\/\/www.atta45.se\/e-butik\/produkt\/shoppingkasse-nonwoven-80-gsm-taye\/","title":{"rendered":"Shoppingkasse, Nonwoven, (80 gsm), Taye"},"content":{"rendered":"<p>Non-woven PP-p\u00e5se (80 gsm) med v\u00e4rmef\u00f6rseglade korsstygnshandtag. Har ett stort fack. Kapacitet 11 l, b\u00e4rkapacitet 7 kg.<\/p>\n","protected":false},"excerpt":{"rendered":"<p>Non-woven PP-p\u00e5se (80 gsm) med v\u00e4rmef\u00f6rseglade korsstygnshandtag. Har ett stort fack. Kapacitet 11 l, b\u00e4rkapacitet 7 kg.<\/p>\n","protected":false},"featured_media":380599,"template":"","meta":{"_acf_changed":false,"_seopress_robots_primary_cat":"","_seopress_titles_title":"","_seopress_titles_desc":"","_seopress_robots_index":""},"product_brand":[],"product_cat":[15],"product_tag":[],"class_list":{"0":"post-380598","1":"product","2":"type-product","3":"status-publish","4":"has-post-thumbnail","6":"product_cat-okategoriserad","7":"atta45_taxonomy-kassar-pasar-kassar-sv","8":"atta45_taxonomy-nyheter-sv","9":"atta45_taxonomy-tema-inspiration-utvalda-produkter-nyheter-sv","10":"atta45_taxonomy-textil-vaskor-bagar-sv","11":"atta45_taxonomy-vaskor-resetillbehor-sv","13":"first","14":"instock","15":"taxable","16":"shipping-taxable","17":"purchasable","18":"product-type-variable"},"acf":[],"_links":{"self":[{"href":"https:\/\/www.atta45.se\/e-butik\/wp-json\/wp\/v2\/product\/380598","targetHints":{"allow":["GET"]}}],"collection":[{"href":"https:\/\/www.atta45.se\/e-butik\/wp-json\/wp\/v2\/product"}],"about":[{"href":"https:\/\/www.atta45.se\/e-butik\/wp-json\/wp\/v2\/types\/product"}],"wp:featuredmedia":[{"embeddable":true,"href":"https:\/\/www.atta45.se\/e-butik\/wp-json\/wp\/v2\/media\/380599"}],"wp:attachment":[{"href":"https:\/\/www.atta45.se\/e-butik\/wp-json\/wp\/v2\/media?parent=380598"}],"wp:term":[{"taxonomy":"product_brand","embeddable":true,"href":"https:\/\/www.atta45.se\/e-butik\/wp-json\/wp\/v2\/product_brand?post=380598"},{"taxonomy":"product_cat","embeddable":true,"href":"https:\/\/www.atta45.se\/e-butik\/wp-json\/wp\/v2\/product_cat?post=380598"},{"taxonomy":"product_tag","embeddable":true,"href":"https:\/\/www.atta45.se\/e-butik\/wp-json\/wp\/v2\/product_tag?post=380598"}],"curies":[{"name":"wp","href":"https:\/\/api.w.org\/{rel}","templated":true}]}}