{"id":380582,"date":"2025-09-05T21:40:17","date_gmt":"2025-09-05T19:40:17","guid":{"rendered":"https:\/\/www.atta45.se\/e-butik\/produkt\/medalj-av-tra-tramedalj-koa\/"},"modified":"2025-10-27T21:43:35","modified_gmt":"2025-10-27T20:43:35","slug":"medalj-av-tra-tramedalj-koa","status":"publish","type":"product","link":"https:\/\/www.atta45.se\/e-butik\/produkt\/medalj-av-tra-tramedalj-koa\/","title":{"rendered":"Medalj, av tr\u00e4, Tr\u00e4medalj, Koa"},"content":{"rendered":"<p>Medalj i lindtr\u00e4 med 7 cm diameter och 4 mm tjocklek, f\u00e4st vid ett 90 x 2 cm bomullsband. Har ett s\u00e4kerhetssp\u00e4nne av vetestr\u00e5 och PP f\u00f6r \u00f6kad milj\u00f6v\u00e4nlighet och komfort<\/p>\n","protected":false},"excerpt":{"rendered":"<p>Medalj i lindtr\u00e4 med 7 cm diameter och 4 mm tjocklek, f\u00e4st vid ett 90 x 2 cm bomullsband. Har ett s\u00e4kerhetssp\u00e4nne av vetestr\u00e5 och PP f\u00f6r \u00f6kad milj\u00f6v\u00e4nlighet och komfort<\/p>\n","protected":false},"featured_media":380583,"template":"","meta":{"_acf_changed":false,"_seopress_robots_primary_cat":"","_seopress_titles_title":"","_seopress_titles_desc":"","_seopress_robots_index":""},"product_brand":[],"product_cat":[15],"product_tag":[],"class_list":{"0":"post-380582","1":"product","2":"type-product","3":"status-publish","4":"has-post-thumbnail","6":"product_cat-okategoriserad","7":"atta45_taxonomy-nyheter-sv","8":"atta45_taxonomy-tema-inspiration-utvalda-produkter-nyheter-sv","10":"first","11":"instock","12":"taxable","13":"shipping-taxable","14":"purchasable","15":"product-type-variable"},"acf":[],"_links":{"self":[{"href":"https:\/\/www.atta45.se\/e-butik\/wp-json\/wp\/v2\/product\/380582","targetHints":{"allow":["GET"]}}],"collection":[{"href":"https:\/\/www.atta45.se\/e-butik\/wp-json\/wp\/v2\/product"}],"about":[{"href":"https:\/\/www.atta45.se\/e-butik\/wp-json\/wp\/v2\/types\/product"}],"wp:featuredmedia":[{"embeddable":true,"href":"https:\/\/www.atta45.se\/e-butik\/wp-json\/wp\/v2\/media\/380583"}],"wp:attachment":[{"href":"https:\/\/www.atta45.se\/e-butik\/wp-json\/wp\/v2\/media?parent=380582"}],"wp:term":[{"taxonomy":"product_brand","embeddable":true,"href":"https:\/\/www.atta45.se\/e-butik\/wp-json\/wp\/v2\/product_brand?post=380582"},{"taxonomy":"product_cat","embeddable":true,"href":"https:\/\/www.atta45.se\/e-butik\/wp-json\/wp\/v2\/product_cat?post=380582"},{"taxonomy":"product_tag","embeddable":true,"href":"https:\/\/www.atta45.se\/e-butik\/wp-json\/wp\/v2\/product_tag?post=380582"}],"curies":[{"name":"wp","href":"https:\/\/api.w.org\/{rel}","templated":true}]}}