{"id":380562,"date":"2025-09-05T21:38:14","date_gmt":"2025-09-05T19:38:14","guid":{"rendered":"https:\/\/www.atta45.se\/e-butik\/produkt\/ostbricka-i-bambu-zea\/"},"modified":"2025-10-27T21:42:53","modified_gmt":"2025-10-27T20:42:53","slug":"ostbricka-i-bambu-zea","status":"publish","type":"product","link":"https:\/\/www.atta45.se\/e-butik\/produkt\/ostbricka-i-bambu-zea\/","title":{"rendered":"Ostbricka, i bambu, Zea"},"content":{"rendered":"<p>Ostbricka i bambu med utf\u00e4llbar design, inklusive fyra bestickdelar i rostfritt st\u00e5l med handtag i boktr\u00e4. Praktiskt f\u00f6rvaringsfack h\u00e5ller besticken prydligt inuti. Individuellt f\u00f6rpackade i en brun kartong.<\/p>\n","protected":false},"excerpt":{"rendered":"<p>Ostbricka i bambu med utf\u00e4llbar design, inklusive fyra bestickdelar i rostfritt st\u00e5l med handtag i boktr\u00e4. Praktiskt f\u00f6rvaringsfack h\u00e5ller besticken prydligt inuti. Individuellt f\u00f6rpackade i en brun kartong.<\/p>\n","protected":false},"featured_media":380563,"template":"","meta":{"_acf_changed":false,"_seopress_robots_primary_cat":"","_seopress_titles_title":"","_seopress_titles_desc":"","_seopress_robots_index":""},"product_brand":[],"product_cat":[15],"product_tag":[],"class_list":{"0":"post-380562","1":"product","2":"type-product","3":"status-publish","4":"has-post-thumbnail","6":"product_cat-okategoriserad","7":"atta45_taxonomy-hem-hushall-koksartiklar-sv","8":"atta45_taxonomy-nyheter-sv","9":"atta45_taxonomy-tema-inspiration-utvalda-produkter-nyheter-sv","10":"atta45_taxonomy-hem-hushall-ostbrickor-sv","12":"first","13":"instock","14":"taxable","15":"shipping-taxable","16":"purchasable","17":"product-type-variable"},"acf":[],"_links":{"self":[{"href":"https:\/\/www.atta45.se\/e-butik\/wp-json\/wp\/v2\/product\/380562","targetHints":{"allow":["GET"]}}],"collection":[{"href":"https:\/\/www.atta45.se\/e-butik\/wp-json\/wp\/v2\/product"}],"about":[{"href":"https:\/\/www.atta45.se\/e-butik\/wp-json\/wp\/v2\/types\/product"}],"wp:featuredmedia":[{"embeddable":true,"href":"https:\/\/www.atta45.se\/e-butik\/wp-json\/wp\/v2\/media\/380563"}],"wp:attachment":[{"href":"https:\/\/www.atta45.se\/e-butik\/wp-json\/wp\/v2\/media?parent=380562"}],"wp:term":[{"taxonomy":"product_brand","embeddable":true,"href":"https:\/\/www.atta45.se\/e-butik\/wp-json\/wp\/v2\/product_brand?post=380562"},{"taxonomy":"product_cat","embeddable":true,"href":"https:\/\/www.atta45.se\/e-butik\/wp-json\/wp\/v2\/product_cat?post=380562"},{"taxonomy":"product_tag","embeddable":true,"href":"https:\/\/www.atta45.se\/e-butik\/wp-json\/wp\/v2\/product_tag?post=380562"}],"curies":[{"name":"wp","href":"https:\/\/api.w.org\/{rel}","templated":true}]}}