{"id":380500,"date":"2025-09-05T21:33:15","date_gmt":"2025-09-05T19:33:15","guid":{"rendered":"https:\/\/www.atta45.se\/e-butik\/produkt\/pizzabradai-bambu-vale\/"},"modified":"2025-10-27T21:42:02","modified_gmt":"2025-10-27T20:42:02","slug":"pizzabradai-bambu-vale","status":"publish","type":"product","link":"https:\/\/www.atta45.se\/e-butik\/produkt\/pizzabradai-bambu-vale\/","title":{"rendered":"Pizzabr\u00e4da,i bambu, Vale"},"content":{"rendered":"<p>Pizzabr\u00e4da i bambu med handtag och f\u00f6rskurna sk\u00e4rskenor f\u00f6r enkel servering. Inkluderar pizzask\u00e4rare och spatel i rostfritt st\u00e5l och bok. Handtaget har en PU-upph\u00e4ngningssn\u00f6re. Ett praktiskt 3-delat set best\u00e5ende av br\u00e4da, kniv och pizzaspatel. Individuellt f\u00f6rpackade i en brun kartong.<\/p>\n","protected":false},"excerpt":{"rendered":"<p>Pizzabr\u00e4da i bambu med handtag och f\u00f6rskurna sk\u00e4rskenor f\u00f6r enkel servering. Inkluderar pizzask\u00e4rare och spatel i rostfritt st\u00e5l och bok. Handtaget har en PU-upph\u00e4ngningssn\u00f6re. Ett praktiskt 3-delat set best\u00e5ende av br\u00e4da, kniv och pizzaspatel. Individuellt f\u00f6rpackade i en brun kartong.<\/p>\n","protected":false},"featured_media":380501,"template":"","meta":{"_acf_changed":false,"_seopress_robots_primary_cat":"","_seopress_titles_title":"","_seopress_titles_desc":"","_seopress_robots_index":""},"product_brand":[],"product_cat":[15],"product_tag":[],"class_list":{"0":"post-380500","1":"product","2":"type-product","3":"status-publish","4":"has-post-thumbnail","6":"product_cat-okategoriserad","7":"atta45_taxonomy-nyheter-sv","8":"atta45_taxonomy-tema-inspiration-utvalda-produkter-nyheter-sv","9":"atta45_taxonomy-hem-hushall-ostbrickor-sv","11":"first","12":"instock","13":"taxable","14":"shipping-taxable","15":"purchasable","16":"product-type-variable"},"acf":[],"_links":{"self":[{"href":"https:\/\/www.atta45.se\/e-butik\/wp-json\/wp\/v2\/product\/380500","targetHints":{"allow":["GET"]}}],"collection":[{"href":"https:\/\/www.atta45.se\/e-butik\/wp-json\/wp\/v2\/product"}],"about":[{"href":"https:\/\/www.atta45.se\/e-butik\/wp-json\/wp\/v2\/types\/product"}],"wp:featuredmedia":[{"embeddable":true,"href":"https:\/\/www.atta45.se\/e-butik\/wp-json\/wp\/v2\/media\/380501"}],"wp:attachment":[{"href":"https:\/\/www.atta45.se\/e-butik\/wp-json\/wp\/v2\/media?parent=380500"}],"wp:term":[{"taxonomy":"product_brand","embeddable":true,"href":"https:\/\/www.atta45.se\/e-butik\/wp-json\/wp\/v2\/product_brand?post=380500"},{"taxonomy":"product_cat","embeddable":true,"href":"https:\/\/www.atta45.se\/e-butik\/wp-json\/wp\/v2\/product_cat?post=380500"},{"taxonomy":"product_tag","embeddable":true,"href":"https:\/\/www.atta45.se\/e-butik\/wp-json\/wp\/v2\/product_tag?post=380500"}],"curies":[{"name":"wp","href":"https:\/\/api.w.org\/{rel}","templated":true}]}}