{"id":380452,"date":"2025-09-05T21:29:16","date_gmt":"2025-09-05T19:29:16","guid":{"rendered":"https:\/\/www.atta45.se\/e-butik\/produkt\/kylvaska-rpet-polyester-600d-eira\/"},"modified":"2025-10-27T21:41:34","modified_gmt":"2025-10-27T20:41:34","slug":"kylvaska-rpet-polyester-600d-eira","status":"publish","type":"product","link":"https:\/\/www.atta45.se\/e-butik\/produkt\/kylvaska-rpet-polyester-600d-eira\/","title":{"rendered":"Kylv\u00e4ska, rPET polyester (600D), Eira"},"content":{"rendered":"<p>Kylv\u00e4ska i rPET (600D) polyester med vattent\u00e4t PU-bel\u00e4ggning. V\u00e4skan har 2 mm PE-fyllning och ett isolerande foder av aluminiumfolie. V\u00e4skan har en ficka med dragkedja p\u00e5 framsidan, ett toppfack, en n\u00e4tficka p\u00e5 sidan och en sj\u00e4lvh\u00e4ftande st\u00e4ngning. V\u00e4skan har ett b\u00e4rhandtag, ett plastsp\u00e4nne och en axelrem. Volym 5 l, tre fack. V\u00e4skan har en rPET-etikett p\u00e5 utsidan och en specialtillverkad etikett p\u00e5 insidan.<\/p>\n","protected":false},"excerpt":{"rendered":"<p>Kylv\u00e4ska i rPET (600D) polyester med vattent\u00e4t PU-bel\u00e4ggning. V\u00e4skan har 2 mm PE-fyllning och ett isolerande foder av aluminiumfolie. V\u00e4skan har en ficka med dragkedja p\u00e5 framsidan, ett toppfack, en n\u00e4tficka p\u00e5 sidan och en sj\u00e4lvh\u00e4ftande st\u00e4ngning. V\u00e4skan har ett b\u00e4rhandtag, ett plastsp\u00e4nne och en axelrem. Volym 5 l, tre fack. V\u00e4skan har en rPET-etikett [&hellip;]<\/p>\n","protected":false},"featured_media":380453,"template":"","meta":{"_acf_changed":false,"_seopress_robots_primary_cat":"","_seopress_titles_title":"","_seopress_titles_desc":"","_seopress_robots_index":""},"product_brand":[],"product_cat":[15],"product_tag":[],"class_list":{"0":"post-380452","1":"product","2":"type-product","3":"status-publish","4":"has-post-thumbnail","6":"product_cat-okategoriserad","7":"atta45_taxonomy-kassar-pasar-kassar-sv","8":"atta45_taxonomy-vaskor-resetillbehor-kylvaskor-sv","9":"atta45_taxonomy-fritid-kylvaskor-sv","10":"atta45_taxonomy-tema-inspiration-utvalda-produkter-nyheter-sv","11":"atta45_taxonomy-nyheter-sv","12":"atta45_taxonomy-textil-organiskt-sv","13":"atta45_taxonomy-textil-vaskor-bagar-sv","14":"atta45_taxonomy-vaskor-resetillbehor-sv","16":"first","17":"instock","18":"taxable","19":"shipping-taxable","20":"purchasable","21":"product-type-variable"},"acf":[],"_links":{"self":[{"href":"https:\/\/www.atta45.se\/e-butik\/wp-json\/wp\/v2\/product\/380452","targetHints":{"allow":["GET"]}}],"collection":[{"href":"https:\/\/www.atta45.se\/e-butik\/wp-json\/wp\/v2\/product"}],"about":[{"href":"https:\/\/www.atta45.se\/e-butik\/wp-json\/wp\/v2\/types\/product"}],"wp:featuredmedia":[{"embeddable":true,"href":"https:\/\/www.atta45.se\/e-butik\/wp-json\/wp\/v2\/media\/380453"}],"wp:attachment":[{"href":"https:\/\/www.atta45.se\/e-butik\/wp-json\/wp\/v2\/media?parent=380452"}],"wp:term":[{"taxonomy":"product_brand","embeddable":true,"href":"https:\/\/www.atta45.se\/e-butik\/wp-json\/wp\/v2\/product_brand?post=380452"},{"taxonomy":"product_cat","embeddable":true,"href":"https:\/\/www.atta45.se\/e-butik\/wp-json\/wp\/v2\/product_cat?post=380452"},{"taxonomy":"product_tag","embeddable":true,"href":"https:\/\/www.atta45.se\/e-butik\/wp-json\/wp\/v2\/product_tag?post=380452"}],"curies":[{"name":"wp","href":"https:\/\/api.w.org\/{rel}","templated":true}]}}