{"id":38045,"date":"2024-12-26T18:27:30","date_gmt":"2024-12-26T17:27:30","guid":{"rendered":"https:\/\/www.atta45.se\/e-butik\/?post_type=product&#038;p=38045"},"modified":"2025-10-28T04:37:41","modified_gmt":"2025-10-28T03:37:41","slug":"vagg-for-6-x-3-m-talt","status":"publish","type":"product","link":"https:\/\/www.atta45.se\/e-butik\/produkt\/vagg-for-6-x-3-m-talt\/","title":{"rendered":"V\u00e4gg f\u00f6r 6 x 3 m t\u00e4lt"},"content":{"rendered":"<p>En v\u00e4gg som passar v\u00e5ra 6 x 3 m t\u00e4lt. Dessa v\u00e4ggar kan levereras b\u00e5de med eller utan tryck.<\/p>\n","protected":false},"excerpt":{"rendered":"<p>En v\u00e4gg som passar v\u00e5ra 6 x 3 m t\u00e4lt. Dessa v\u00e4ggar kan levereras b\u00e5de med eller utan tryck.<\/p>\n","protected":false},"featured_media":38054,"template":"","meta":{"_acf_changed":false,"_seopress_robots_primary_cat":"","_seopress_titles_title":"","_seopress_titles_desc":"","_seopress_robots_index":""},"product_brand":[],"product_cat":[15],"product_tag":[],"class_list":{"0":"post-38045","1":"product","2":"type-product","3":"status-publish","4":"has-post-thumbnail","6":"product_cat-okategoriserad","7":"atta45_taxonomy-expo-event-talt-talt-sv","8":"atta45_taxonomy-trading-expo-event-talt-talt-sv","9":"atta45_taxonomy-trading-expo-event-talt-tillbehor-sv","11":"first","12":"instock","13":"taxable","14":"shipping-taxable","15":"purchasable","16":"product-type-variable"},"acf":[],"_links":{"self":[{"href":"https:\/\/www.atta45.se\/e-butik\/wp-json\/wp\/v2\/product\/38045","targetHints":{"allow":["GET"]}}],"collection":[{"href":"https:\/\/www.atta45.se\/e-butik\/wp-json\/wp\/v2\/product"}],"about":[{"href":"https:\/\/www.atta45.se\/e-butik\/wp-json\/wp\/v2\/types\/product"}],"wp:featuredmedia":[{"embeddable":true,"href":"https:\/\/www.atta45.se\/e-butik\/wp-json\/wp\/v2\/media\/38054"}],"wp:attachment":[{"href":"https:\/\/www.atta45.se\/e-butik\/wp-json\/wp\/v2\/media?parent=38045"}],"wp:term":[{"taxonomy":"product_brand","embeddable":true,"href":"https:\/\/www.atta45.se\/e-butik\/wp-json\/wp\/v2\/product_brand?post=38045"},{"taxonomy":"product_cat","embeddable":true,"href":"https:\/\/www.atta45.se\/e-butik\/wp-json\/wp\/v2\/product_cat?post=38045"},{"taxonomy":"product_tag","embeddable":true,"href":"https:\/\/www.atta45.se\/e-butik\/wp-json\/wp\/v2\/product_tag?post=38045"}],"curies":[{"name":"wp","href":"https:\/\/api.w.org\/{rel}","templated":true}]}}