{"id":380392,"date":"2025-09-05T21:23:14","date_gmt":"2025-09-05T19:23:14","guid":{"rendered":"https:\/\/www.atta45.se\/e-butik\/produkt\/ryggsack-med-roll-top-av-rpet-polyester600d-yani\/"},"modified":"2025-10-27T21:40:47","modified_gmt":"2025-10-27T20:40:47","slug":"ryggsack-med-roll-top-av-rpet-polyester600d-yani","status":"publish","type":"product","link":"https:\/\/www.atta45.se\/e-butik\/produkt\/ryggsack-med-roll-top-av-rpet-polyester600d-yani\/","title":{"rendered":"Ryggs\u00e4ck med roll-top, av rPET polyester,(600D), Yani"},"content":{"rendered":"<p>rPET (600D) polyesterryggs\u00e4ck med roll-top och PU-bel\u00e4ggning f\u00f6r vattenavvisande egenskaper. Har en dold framficka med dragkedja, vadderat laptopfack (passar b\u00e4rbara datorer upp till 15 tum), sidfickor i n\u00e4t och totalt fem fack inklusive inner- och framfickor. Utformad med justerbara b\u00e4rremmar och en sj\u00e4lvh\u00e4ftande roll-top-f\u00f6rslutning. Erbjuder en kapacitet p\u00e5 25 liter och 15 kg b\u00e4rkapacitet. Inkluderar en rPET-etikett p\u00e5 sidan.<\/p>\n","protected":false},"excerpt":{"rendered":"<p>rPET (600D) polyesterryggs\u00e4ck med roll-top och PU-bel\u00e4ggning f\u00f6r vattenavvisande egenskaper. Har en dold framficka med dragkedja, vadderat laptopfack (passar b\u00e4rbara datorer upp till 15 tum), sidfickor i n\u00e4t och totalt fem fack inklusive inner- och framfickor. Utformad med justerbara b\u00e4rremmar och en sj\u00e4lvh\u00e4ftande roll-top-f\u00f6rslutning. Erbjuder en kapacitet p\u00e5 25 liter och 15 kg b\u00e4rkapacitet. Inkluderar [&hellip;]<\/p>\n","protected":false},"featured_media":380393,"template":"","meta":{"_acf_changed":false,"_seopress_robots_primary_cat":"","_seopress_titles_title":"","_seopress_titles_desc":"","_seopress_robots_index":""},"product_brand":[],"product_cat":[15],"product_tag":[],"class_list":{"0":"post-380392","1":"product","2":"type-product","3":"status-publish","4":"has-post-thumbnail","6":"product_cat-okategoriserad","7":"atta45_taxonomy-kassar-pasar-kassar-sv","8":"atta45_taxonomy-tema-inspiration-utvalda-produkter-nyheter-sv","9":"atta45_taxonomy-nyheter-sv","10":"atta45_taxonomy-textil-organiskt-sv","11":"atta45_taxonomy-vaskor-resetillbehor-ryggsackar-sv","12":"atta45_taxonomy-vaskor-resetillbehor-ryggsackar-axelremsvaskor-sv","13":"atta45_taxonomy-textil-vaskor-bagar-sv","14":"atta45_taxonomy-vaskor-resetillbehor-sv","16":"first","17":"instock","18":"taxable","19":"shipping-taxable","20":"purchasable","21":"product-type-variable"},"acf":[],"_links":{"self":[{"href":"https:\/\/www.atta45.se\/e-butik\/wp-json\/wp\/v2\/product\/380392","targetHints":{"allow":["GET"]}}],"collection":[{"href":"https:\/\/www.atta45.se\/e-butik\/wp-json\/wp\/v2\/product"}],"about":[{"href":"https:\/\/www.atta45.se\/e-butik\/wp-json\/wp\/v2\/types\/product"}],"wp:featuredmedia":[{"embeddable":true,"href":"https:\/\/www.atta45.se\/e-butik\/wp-json\/wp\/v2\/media\/380393"}],"wp:attachment":[{"href":"https:\/\/www.atta45.se\/e-butik\/wp-json\/wp\/v2\/media?parent=380392"}],"wp:term":[{"taxonomy":"product_brand","embeddable":true,"href":"https:\/\/www.atta45.se\/e-butik\/wp-json\/wp\/v2\/product_brand?post=380392"},{"taxonomy":"product_cat","embeddable":true,"href":"https:\/\/www.atta45.se\/e-butik\/wp-json\/wp\/v2\/product_cat?post=380392"},{"taxonomy":"product_tag","embeddable":true,"href":"https:\/\/www.atta45.se\/e-butik\/wp-json\/wp\/v2\/product_tag?post=380392"}],"curies":[{"name":"wp","href":"https:\/\/api.w.org\/{rel}","templated":true}]}}