{"id":380362,"date":"2025-09-05T21:20:15","date_gmt":"2025-09-05T19:20:15","guid":{"rendered":"https:\/\/www.atta45.se\/e-butik\/produkt\/tygvaska-av-atervunnen-polyester-600d-lumi\/"},"modified":"2025-10-27T21:40:34","modified_gmt":"2025-10-27T20:40:34","slug":"tygvaska-av-atervunnen-polyester-600d-lumi","status":"publish","type":"product","link":"https:\/\/www.atta45.se\/e-butik\/produkt\/tygvaska-av-atervunnen-polyester-600d-lumi\/","title":{"rendered":"Tygv\u00e4ska, av \u00e5tervunnen polyester (600D), Lumi"},"content":{"rendered":"<p>rPET (600D) polyesterv\u00e4ska med PU-bel\u00e4ggning p\u00e5 b\u00e5da sidor f\u00f6r vattenavvisande egenskaper. Har ett framfack med dragkedja, en liten ficka med dragkedja inuti och l\u00e5nga b\u00e4rhandtag. Utformad med en kapacitet p\u00e5 10 liter och en b\u00e4rkapacitet p\u00e5 10 kg. Inkluderar en rPET-etikett.<\/p>\n","protected":false},"excerpt":{"rendered":"<p>rPET (600D) polyesterv\u00e4ska med PU-bel\u00e4ggning p\u00e5 b\u00e5da sidor f\u00f6r vattenavvisande egenskaper. Har ett framfack med dragkedja, en liten ficka med dragkedja inuti och l\u00e5nga b\u00e4rhandtag. Utformad med en kapacitet p\u00e5 10 liter och en b\u00e4rkapacitet p\u00e5 10 kg. Inkluderar en rPET-etikett.<\/p>\n","protected":false},"featured_media":380363,"template":"","meta":{"_acf_changed":false,"_seopress_robots_primary_cat":"","_seopress_titles_title":"","_seopress_titles_desc":"","_seopress_robots_index":""},"product_brand":[],"product_cat":[15],"product_tag":[],"class_list":{"0":"post-380362","1":"product","2":"type-product","3":"status-publish","4":"has-post-thumbnail","6":"product_cat-okategoriserad","7":"atta45_taxonomy-kassar-pasar-kassar-sv","8":"atta45_taxonomy-tema-inspiration-utvalda-produkter-nyheter-sv","9":"atta45_taxonomy-nyheter-sv","10":"atta45_taxonomy-textil-organiskt-sv","11":"atta45_taxonomy-textil-vaskor-bagar-sv","12":"atta45_taxonomy-vaskor-resetillbehor-sv","14":"first","15":"instock","16":"taxable","17":"shipping-taxable","18":"purchasable","19":"product-type-variable"},"acf":[],"_links":{"self":[{"href":"https:\/\/www.atta45.se\/e-butik\/wp-json\/wp\/v2\/product\/380362","targetHints":{"allow":["GET"]}}],"collection":[{"href":"https:\/\/www.atta45.se\/e-butik\/wp-json\/wp\/v2\/product"}],"about":[{"href":"https:\/\/www.atta45.se\/e-butik\/wp-json\/wp\/v2\/types\/product"}],"wp:featuredmedia":[{"embeddable":true,"href":"https:\/\/www.atta45.se\/e-butik\/wp-json\/wp\/v2\/media\/380363"}],"wp:attachment":[{"href":"https:\/\/www.atta45.se\/e-butik\/wp-json\/wp\/v2\/media?parent=380362"}],"wp:term":[{"taxonomy":"product_brand","embeddable":true,"href":"https:\/\/www.atta45.se\/e-butik\/wp-json\/wp\/v2\/product_brand?post=380362"},{"taxonomy":"product_cat","embeddable":true,"href":"https:\/\/www.atta45.se\/e-butik\/wp-json\/wp\/v2\/product_cat?post=380362"},{"taxonomy":"product_tag","embeddable":true,"href":"https:\/\/www.atta45.se\/e-butik\/wp-json\/wp\/v2\/product_tag?post=380362"}],"curies":[{"name":"wp","href":"https:\/\/api.w.org\/{rel}","templated":true}]}}