{"id":380322,"date":"2025-09-05T21:18:16","date_gmt":"2025-09-05T19:18:16","guid":{"rendered":"https:\/\/www.atta45.se\/e-butik\/produkt\/dricksflaska500ml-med-dubbelvagg-i-atervunnet-rostfritt-stal-lior\/"},"modified":"2025-10-27T21:40:20","modified_gmt":"2025-10-27T20:40:20","slug":"dricksflaska500ml-med-dubbelvagg-i-atervunnet-rostfritt-stal-lior","status":"publish","type":"product","link":"https:\/\/www.atta45.se\/e-butik\/produkt\/dricksflaska500ml-med-dubbelvagg-i-atervunnet-rostfritt-stal-lior\/","title":{"rendered":"Dricksflaska,(500ml), med dubbelv\u00e4gg, i \u00e5tervunnet rostfritt st\u00e5l, Lior"},"content":{"rendered":"<p>Dryckesflaska i \u00e5tervunnet rostfritt st\u00e5l (500 ml). Insidan \u00e4r tillverkad av rostfritt st\u00e5l 304 och utsidan \u00e4r tillverkad av rostfritt st\u00e5l 201 med ett r\u00e4fflat grepp. Har ett lock av PP och j\u00e4rn med ett TPE-handtag f\u00f6r enkel transport. Inkluderar en graverad \u00e5tervunnen logotyp p\u00e5 kroppen. Individuellt f\u00f6rpackad i en brun kartong.<\/p>\n","protected":false},"excerpt":{"rendered":"<p>Dryckesflaska i \u00e5tervunnet rostfritt st\u00e5l (500 ml). Insidan \u00e4r tillverkad av rostfritt st\u00e5l 304 och utsidan \u00e4r tillverkad av rostfritt st\u00e5l 201 med ett r\u00e4fflat grepp. Har ett lock av PP och j\u00e4rn med ett TPE-handtag f\u00f6r enkel transport. Inkluderar en graverad \u00e5tervunnen logotyp p\u00e5 kroppen. Individuellt f\u00f6rpackad i en brun kartong.<\/p>\n","protected":false},"featured_media":380323,"template":"","meta":{"_acf_changed":false,"_seopress_robots_primary_cat":"","_seopress_titles_title":"","_seopress_titles_desc":"","_seopress_robots_index":""},"product_brand":[],"product_cat":[15],"product_tag":[],"class_list":{"0":"post-380322","1":"product","2":"type-product","3":"status-publish","4":"has-post-thumbnail","6":"product_cat-okategoriserad","7":"atta45_taxonomy-flaskor-sv","8":"atta45_taxonomy-tema-inspiration-utvalda-produkter-nyheter-sv","9":"atta45_taxonomy-nyheter-sv","10":"atta45_taxonomy-fritid-vattenflaskor-sv","12":"first","13":"instock","14":"taxable","15":"shipping-taxable","16":"purchasable","17":"product-type-variable"},"acf":[],"_links":{"self":[{"href":"https:\/\/www.atta45.se\/e-butik\/wp-json\/wp\/v2\/product\/380322","targetHints":{"allow":["GET"]}}],"collection":[{"href":"https:\/\/www.atta45.se\/e-butik\/wp-json\/wp\/v2\/product"}],"about":[{"href":"https:\/\/www.atta45.se\/e-butik\/wp-json\/wp\/v2\/types\/product"}],"wp:featuredmedia":[{"embeddable":true,"href":"https:\/\/www.atta45.se\/e-butik\/wp-json\/wp\/v2\/media\/380323"}],"wp:attachment":[{"href":"https:\/\/www.atta45.se\/e-butik\/wp-json\/wp\/v2\/media?parent=380322"}],"wp:term":[{"taxonomy":"product_brand","embeddable":true,"href":"https:\/\/www.atta45.se\/e-butik\/wp-json\/wp\/v2\/product_brand?post=380322"},{"taxonomy":"product_cat","embeddable":true,"href":"https:\/\/www.atta45.se\/e-butik\/wp-json\/wp\/v2\/product_cat?post=380322"},{"taxonomy":"product_tag","embeddable":true,"href":"https:\/\/www.atta45.se\/e-butik\/wp-json\/wp\/v2\/product_tag?post=380322"}],"curies":[{"name":"wp","href":"https:\/\/api.w.org\/{rel}","templated":true}]}}