{"id":380290,"date":"2025-09-05T21:16:14","date_gmt":"2025-09-05T19:16:14","guid":{"rendered":"https:\/\/www.atta45.se\/e-butik\/produkt\/mugg-i-atervunnet-rostfritt-stal-dubbelvagg-500-ml-kael\/"},"modified":"2025-10-27T21:40:07","modified_gmt":"2025-10-27T20:40:07","slug":"mugg-i-atervunnet-rostfritt-stal-dubbelvagg-500-ml-kael","status":"publish","type":"product","link":"https:\/\/www.atta45.se\/e-butik\/produkt\/mugg-i-atervunnet-rostfritt-stal-dubbelvagg-500-ml-kael\/","title":{"rendered":"Mugg i \u00e5tervunnet rostfritt st\u00e5l, dubbelv\u00e4gg (500 ml) Kael"},"content":{"rendered":"<p>Dubbelv\u00e4ggig dricksmugg i \u00e5tervunnet rostfritt st\u00e5l (500 ml). Insidan \u00e4r tillverkad av rostfritt st\u00e5l 304 och utsidan \u00e4r tillverkad av rostfritt st\u00e5l 201 med r\u00e4fflat grepp. Har ett AS-lock med skjut\u00f6ppning. Inkluderar en graverad \u00e5tervunnen logotyp p\u00e5 kroppen. Individuellt f\u00f6rpackad i en brun kartong.<\/p>\n","protected":false},"excerpt":{"rendered":"<p>Dubbelv\u00e4ggig dricksmugg i \u00e5tervunnet rostfritt st\u00e5l (500 ml). Insidan \u00e4r tillverkad av rostfritt st\u00e5l 304 och utsidan \u00e4r tillverkad av rostfritt st\u00e5l 201 med r\u00e4fflat grepp. Har ett AS-lock med skjut\u00f6ppning. Inkluderar en graverad \u00e5tervunnen logotyp p\u00e5 kroppen. Individuellt f\u00f6rpackad i en brun kartong.<\/p>\n","protected":false},"featured_media":380291,"template":"","meta":{"_acf_changed":false,"_seopress_robots_primary_cat":"","_seopress_titles_title":"","_seopress_titles_desc":"","_seopress_robots_index":""},"product_brand":[],"product_cat":[15],"product_tag":[],"class_list":{"0":"post-380290","1":"product","2":"type-product","3":"status-publish","4":"has-post-thumbnail","6":"product_cat-okategoriserad","7":"atta45_taxonomy-flaskor-sv","8":"atta45_taxonomy-tema-inspiration-utvalda-produkter-nyheter-sv","9":"atta45_taxonomy-nyheter-sv","10":"atta45_taxonomy-fritid-vattenflaskor-sv","12":"first","13":"instock","14":"taxable","15":"shipping-taxable","16":"purchasable","17":"product-type-variable"},"acf":[],"_links":{"self":[{"href":"https:\/\/www.atta45.se\/e-butik\/wp-json\/wp\/v2\/product\/380290","targetHints":{"allow":["GET"]}}],"collection":[{"href":"https:\/\/www.atta45.se\/e-butik\/wp-json\/wp\/v2\/product"}],"about":[{"href":"https:\/\/www.atta45.se\/e-butik\/wp-json\/wp\/v2\/types\/product"}],"wp:featuredmedia":[{"embeddable":true,"href":"https:\/\/www.atta45.se\/e-butik\/wp-json\/wp\/v2\/media\/380291"}],"wp:attachment":[{"href":"https:\/\/www.atta45.se\/e-butik\/wp-json\/wp\/v2\/media?parent=380290"}],"wp:term":[{"taxonomy":"product_brand","embeddable":true,"href":"https:\/\/www.atta45.se\/e-butik\/wp-json\/wp\/v2\/product_brand?post=380290"},{"taxonomy":"product_cat","embeddable":true,"href":"https:\/\/www.atta45.se\/e-butik\/wp-json\/wp\/v2\/product_cat?post=380290"},{"taxonomy":"product_tag","embeddable":true,"href":"https:\/\/www.atta45.se\/e-butik\/wp-json\/wp\/v2\/product_tag?post=380290"}],"curies":[{"name":"wp","href":"https:\/\/api.w.org\/{rel}","templated":true}]}}