{"id":380264,"date":"2025-09-05T21:14:16","date_gmt":"2025-09-05T19:14:16","guid":{"rendered":"https:\/\/www.atta45.se\/e-butik\/produkt\/dricksflaska-600ml-med-dubbelvagg-av-atervunnet-rostfrott-stal-esen\/"},"modified":"2025-10-27T21:39:40","modified_gmt":"2025-10-27T20:39:40","slug":"dricksflaska-600ml-med-dubbelvagg-av-atervunnet-rostfrott-stal-esen","status":"publish","type":"product","link":"https:\/\/www.atta45.se\/e-butik\/produkt\/dricksflaska-600ml-med-dubbelvagg-av-atervunnet-rostfrott-stal-esen\/","title":{"rendered":"Dricksflaska (600ml), med dubbelv\u00e4gg, av \u00e5tervunnet rostfrott st\u00e5l, Esen"},"content":{"rendered":"<p>\u00c5tervunnen dricksflaska i rostfritt st\u00e5l (600 ml). Med dubbelv\u00e4gg, vakuumisolerad med en insida av rostfritt st\u00e5l 304 och en utsida av rostfritt st\u00e5l 201. Har ett PP-lock med en topp av rostfritt st\u00e5l 201. Inkluderar en graverad \u00e5tervunnen logotyp p\u00e5 framsidan. Individuellt f\u00f6rpackad i en brun kartong.<\/p>\n","protected":false},"excerpt":{"rendered":"<p>\u00c5tervunnen dricksflaska i rostfritt st\u00e5l (600 ml). Med dubbelv\u00e4gg, vakuumisolerad med en insida av rostfritt st\u00e5l 304 och en utsida av rostfritt st\u00e5l 201. Har ett PP-lock med en topp av rostfritt st\u00e5l 201. Inkluderar en graverad \u00e5tervunnen logotyp p\u00e5 framsidan. Individuellt f\u00f6rpackad i en brun kartong.<\/p>\n","protected":false},"featured_media":380265,"template":"","meta":{"_acf_changed":false,"_seopress_robots_primary_cat":"","_seopress_titles_title":"","_seopress_titles_desc":"","_seopress_robots_index":""},"product_brand":[],"product_cat":[15],"product_tag":[],"class_list":{"0":"post-380264","1":"product","2":"type-product","3":"status-publish","4":"has-post-thumbnail","6":"product_cat-okategoriserad","7":"atta45_taxonomy-flaskor-sv","8":"atta45_taxonomy-nyheter-sv","9":"atta45_taxonomy-tema-inspiration-utvalda-produkter-nyheter-sv","10":"atta45_taxonomy-fritid-vattenflaskor-sv","12":"first","13":"instock","14":"taxable","15":"shipping-taxable","16":"purchasable","17":"product-type-variable"},"acf":[],"_links":{"self":[{"href":"https:\/\/www.atta45.se\/e-butik\/wp-json\/wp\/v2\/product\/380264","targetHints":{"allow":["GET"]}}],"collection":[{"href":"https:\/\/www.atta45.se\/e-butik\/wp-json\/wp\/v2\/product"}],"about":[{"href":"https:\/\/www.atta45.se\/e-butik\/wp-json\/wp\/v2\/types\/product"}],"wp:featuredmedia":[{"embeddable":true,"href":"https:\/\/www.atta45.se\/e-butik\/wp-json\/wp\/v2\/media\/380265"}],"wp:attachment":[{"href":"https:\/\/www.atta45.se\/e-butik\/wp-json\/wp\/v2\/media?parent=380264"}],"wp:term":[{"taxonomy":"product_brand","embeddable":true,"href":"https:\/\/www.atta45.se\/e-butik\/wp-json\/wp\/v2\/product_brand?post=380264"},{"taxonomy":"product_cat","embeddable":true,"href":"https:\/\/www.atta45.se\/e-butik\/wp-json\/wp\/v2\/product_cat?post=380264"},{"taxonomy":"product_tag","embeddable":true,"href":"https:\/\/www.atta45.se\/e-butik\/wp-json\/wp\/v2\/product_tag?post=380264"}],"curies":[{"name":"wp","href":"https:\/\/api.w.org\/{rel}","templated":true}]}}