{"id":380232,"date":"2025-09-05T21:12:37","date_gmt":"2025-09-05T19:12:37","guid":{"rendered":"https:\/\/www.atta45.se\/e-butik\/produkt\/resemugg-350-ml-rostfritt-stal-ayen\/"},"modified":"2025-10-27T21:38:57","modified_gmt":"2025-10-27T20:38:57","slug":"resemugg-350-ml-rostfritt-stal-ayen","status":"publish","type":"product","link":"https:\/\/www.atta45.se\/e-butik\/produkt\/resemugg-350-ml-rostfritt-stal-ayen\/","title":{"rendered":"Resemugg, (350 ml), rostfritt st\u00e5l, Ayen"},"content":{"rendered":"<p>Resemugg med dubbelv\u00e4gg i \u00e5tervunnet rostfritt st\u00e5l (350 ml). Insidan har en keramisk bel\u00e4ggning, medan utsidan \u00e4r tillverkad av rostfritt st\u00e5l 201 och innerv\u00e4ggen \u00e4r av rostfritt st\u00e5l 304. Inkluderar en graverad \u00e5tervunnen logotyp p\u00e5 kroppen. Individuellt f\u00f6rpackad i en brun kartong.<\/p>\n","protected":false},"excerpt":{"rendered":"<p>Resemugg med dubbelv\u00e4gg i \u00e5tervunnet rostfritt st\u00e5l (350 ml). Insidan har en keramisk bel\u00e4ggning, medan utsidan \u00e4r tillverkad av rostfritt st\u00e5l 201 och innerv\u00e4ggen \u00e4r av rostfritt st\u00e5l 304. Inkluderar en graverad \u00e5tervunnen logotyp p\u00e5 kroppen. Individuellt f\u00f6rpackad i en brun kartong.<\/p>\n","protected":false},"featured_media":380233,"template":"","meta":{"_acf_changed":false,"_seopress_robots_primary_cat":"","_seopress_titles_title":"","_seopress_titles_desc":"","_seopress_robots_index":""},"product_brand":[],"product_cat":[15],"product_tag":[],"class_list":{"0":"post-380232","1":"product","2":"type-product","3":"status-publish","4":"has-post-thumbnail","6":"product_cat-okategoriserad","7":"atta45_taxonomy-flaskor-sv","8":"atta45_taxonomy-muggar-muggar-sv","9":"atta45_taxonomy-hem-hushall-muggar-sv","10":"atta45_taxonomy-fritid-muggar-koppar-sv","11":"atta45_taxonomy-tema-inspiration-utvalda-produkter-nyheter-sv","12":"atta45_taxonomy-nyheter-sv","13":"atta45_taxonomy-fritid-termos-sv","14":"atta45_taxonomy-hem-hushall-termos-sv","15":"atta45_taxonomy-fritid-vattenflaskor-sv","17":"first","18":"instock","19":"taxable","20":"shipping-taxable","21":"purchasable","22":"product-type-variable"},"acf":[],"_links":{"self":[{"href":"https:\/\/www.atta45.se\/e-butik\/wp-json\/wp\/v2\/product\/380232","targetHints":{"allow":["GET"]}}],"collection":[{"href":"https:\/\/www.atta45.se\/e-butik\/wp-json\/wp\/v2\/product"}],"about":[{"href":"https:\/\/www.atta45.se\/e-butik\/wp-json\/wp\/v2\/types\/product"}],"wp:featuredmedia":[{"embeddable":true,"href":"https:\/\/www.atta45.se\/e-butik\/wp-json\/wp\/v2\/media\/380233"}],"wp:attachment":[{"href":"https:\/\/www.atta45.se\/e-butik\/wp-json\/wp\/v2\/media?parent=380232"}],"wp:term":[{"taxonomy":"product_brand","embeddable":true,"href":"https:\/\/www.atta45.se\/e-butik\/wp-json\/wp\/v2\/product_brand?post=380232"},{"taxonomy":"product_cat","embeddable":true,"href":"https:\/\/www.atta45.se\/e-butik\/wp-json\/wp\/v2\/product_cat?post=380232"},{"taxonomy":"product_tag","embeddable":true,"href":"https:\/\/www.atta45.se\/e-butik\/wp-json\/wp\/v2\/product_tag?post=380232"}],"curies":[{"name":"wp","href":"https:\/\/api.w.org\/{rel}","templated":true}]}}