{"id":380216,"date":"2025-09-05T21:10:33","date_gmt":"2025-09-05T19:10:33","guid":{"rendered":"https:\/\/www.atta45.se\/e-butik\/produkt\/powerbank-atervunnen-abs-tovi\/"},"modified":"2025-10-27T21:38:45","modified_gmt":"2025-10-27T20:38:45","slug":"powerbank-atervunnen-abs-tovi","status":"publish","type":"product","link":"https:\/\/www.atta45.se\/e-butik\/produkt\/powerbank-atervunnen-abs-tovi\/","title":{"rendered":"Powerbank, \u00c5tervunnen ABS, Tovi"},"content":{"rendered":"<p>Powerbank i \u00e5tervunnen ABS och rPET med en kapacitet p\u00e5 10 000 mAh och en livsl\u00e4ngd p\u00e5 minst 500 laddningar. Utrustad med tv\u00e5 USB-utg\u00e5ngar och en typ-C-port f\u00f6r b\u00e5de in- och utg\u00e5ng (5V DC\/2,4A, 12W). Har en laddningsindikationsdisplay och en rPET-logotyp p\u00e5 ovansidan. Inkluderar vit 30 cm laddningskabel. Individuellt f\u00f6rpackad i en brun kartong.<\/p>\n","protected":false},"excerpt":{"rendered":"<p>Powerbank i \u00e5tervunnen ABS och rPET med en kapacitet p\u00e5 10 000 mAh och en livsl\u00e4ngd p\u00e5 minst 500 laddningar. Utrustad med tv\u00e5 USB-utg\u00e5ngar och en typ-C-port f\u00f6r b\u00e5de in- och utg\u00e5ng (5V DC\/2,4A, 12W). Har en laddningsindikationsdisplay och en rPET-logotyp p\u00e5 ovansidan. Inkluderar vit 30 cm laddningskabel. Individuellt f\u00f6rpackad i en brun kartong.<\/p>\n","protected":false},"featured_media":380217,"template":"","meta":{"_acf_changed":false,"_seopress_robots_primary_cat":"","_seopress_titles_title":"","_seopress_titles_desc":"","_seopress_robots_index":""},"product_brand":[],"product_cat":[15],"product_tag":[],"class_list":{"0":"post-380216","1":"product","2":"type-product","3":"status-publish","4":"has-post-thumbnail","6":"product_cat-okategoriserad","7":"atta45_taxonomy-elektronik-kontor-sv","8":"atta45_taxonomy-nyheter-sv","9":"atta45_taxonomy-tema-inspiration-utvalda-produkter-nyheter-sv","10":"atta45_taxonomy-elektronik-kontor-powerbank-speakers-sv","12":"first","13":"instock","14":"taxable","15":"shipping-taxable","16":"purchasable","17":"product-type-variable"},"acf":[],"_links":{"self":[{"href":"https:\/\/www.atta45.se\/e-butik\/wp-json\/wp\/v2\/product\/380216","targetHints":{"allow":["GET"]}}],"collection":[{"href":"https:\/\/www.atta45.se\/e-butik\/wp-json\/wp\/v2\/product"}],"about":[{"href":"https:\/\/www.atta45.se\/e-butik\/wp-json\/wp\/v2\/types\/product"}],"wp:featuredmedia":[{"embeddable":true,"href":"https:\/\/www.atta45.se\/e-butik\/wp-json\/wp\/v2\/media\/380217"}],"wp:attachment":[{"href":"https:\/\/www.atta45.se\/e-butik\/wp-json\/wp\/v2\/media?parent=380216"}],"wp:term":[{"taxonomy":"product_brand","embeddable":true,"href":"https:\/\/www.atta45.se\/e-butik\/wp-json\/wp\/v2\/product_brand?post=380216"},{"taxonomy":"product_cat","embeddable":true,"href":"https:\/\/www.atta45.se\/e-butik\/wp-json\/wp\/v2\/product_cat?post=380216"},{"taxonomy":"product_tag","embeddable":true,"href":"https:\/\/www.atta45.se\/e-butik\/wp-json\/wp\/v2\/product_tag?post=380216"}],"curies":[{"name":"wp","href":"https:\/\/api.w.org\/{rel}","templated":true}]}}