{"id":380198,"date":"2025-09-05T21:08:37","date_gmt":"2025-09-05T19:08:37","guid":{"rendered":"https:\/\/www.atta45.se\/e-butik\/produkt\/hogtalare-atervunnen-abs-rumi\/"},"modified":"2025-10-27T21:38:32","modified_gmt":"2025-10-27T20:38:32","slug":"hogtalare-atervunnen-abs-rumi","status":"publish","type":"product","link":"https:\/\/www.atta45.se\/e-butik\/produkt\/hogtalare-atervunnen-abs-rumi\/","title":{"rendered":"H\u00f6gtalare, \u00c5tervunnen ABS, Rumi"},"content":{"rendered":"<p>3-i-1-h\u00f6gtalare i \u00e5tervunnen ABS och rPET-tyg med ljusfunktion och s\u00f6mnterapi. Har en 3W-h\u00f6gtalare, tr\u00e5dl\u00f6s teknik (version 5.3) och ett 1 200 mAh litiumjonbatteri. Utrustad med fyra varma LED-lampor och sex lugnande s\u00f6mnljud: Stream, Brahms vaggvisa, Havsv\u00e5g, Stilla natt, Fosterljud och Vitt brus. Erbjuder tre ljusstyrkeniv\u00e5er och en timer med inst\u00e4llningar p\u00e5 15, 30 och 60 minuter. V\u00e4xla enkelt mellan tr\u00e5dl\u00f6st och vitt brusl\u00e4ge med hj\u00e4lp av kontrollpanelen med fem knappar p\u00e5 baksidan. Inkluderar en 1 meter l\u00e5ng vit laddningskabel. Individuellt f\u00f6rpackad i en kraftpappersask.<\/p>\n","protected":false},"excerpt":{"rendered":"<p>3-i-1-h\u00f6gtalare i \u00e5tervunnen ABS och rPET-tyg med ljusfunktion och s\u00f6mnterapi. Har en 3W-h\u00f6gtalare, tr\u00e5dl\u00f6s teknik (version 5.3) och ett 1 200 mAh litiumjonbatteri. Utrustad med fyra varma LED-lampor och sex lugnande s\u00f6mnljud: Stream, Brahms vaggvisa, Havsv\u00e5g, Stilla natt, Fosterljud och Vitt brus. Erbjuder tre ljusstyrkeniv\u00e5er och en timer med inst\u00e4llningar p\u00e5 15, 30 och 60 [&hellip;]<\/p>\n","protected":false},"featured_media":380199,"template":"","meta":{"_acf_changed":false,"_seopress_robots_primary_cat":"","_seopress_titles_title":"","_seopress_titles_desc":"","_seopress_robots_index":""},"product_brand":[],"product_cat":[15],"product_tag":[],"class_list":{"0":"post-380198","1":"product","2":"type-product","3":"status-publish","4":"has-post-thumbnail","6":"product_cat-okategoriserad","7":"atta45_taxonomy-elektronik-kontor-sv","8":"atta45_taxonomy-nyheter-sv","9":"atta45_taxonomy-tema-inspiration-utvalda-produkter-nyheter-sv","10":"atta45_taxonomy-elektronik-kontor-powerbank-speakers-sv","12":"first","13":"instock","14":"taxable","15":"shipping-taxable","16":"purchasable","17":"product-type-variable"},"acf":[],"_links":{"self":[{"href":"https:\/\/www.atta45.se\/e-butik\/wp-json\/wp\/v2\/product\/380198","targetHints":{"allow":["GET"]}}],"collection":[{"href":"https:\/\/www.atta45.se\/e-butik\/wp-json\/wp\/v2\/product"}],"about":[{"href":"https:\/\/www.atta45.se\/e-butik\/wp-json\/wp\/v2\/types\/product"}],"wp:featuredmedia":[{"embeddable":true,"href":"https:\/\/www.atta45.se\/e-butik\/wp-json\/wp\/v2\/media\/380199"}],"wp:attachment":[{"href":"https:\/\/www.atta45.se\/e-butik\/wp-json\/wp\/v2\/media?parent=380198"}],"wp:term":[{"taxonomy":"product_brand","embeddable":true,"href":"https:\/\/www.atta45.se\/e-butik\/wp-json\/wp\/v2\/product_brand?post=380198"},{"taxonomy":"product_cat","embeddable":true,"href":"https:\/\/www.atta45.se\/e-butik\/wp-json\/wp\/v2\/product_cat?post=380198"},{"taxonomy":"product_tag","embeddable":true,"href":"https:\/\/www.atta45.se\/e-butik\/wp-json\/wp\/v2\/product_tag?post=380198"}],"curies":[{"name":"wp","href":"https:\/\/api.w.org\/{rel}","templated":true}]}}