{"id":380178,"date":"2025-09-05T21:07:14","date_gmt":"2025-09-05T19:07:14","guid":{"rendered":"https:\/\/www.atta45.se\/e-butik\/produkt\/powerbank-i-bambu-solcellsdriven-elz\/"},"modified":"2025-10-27T21:38:16","modified_gmt":"2025-10-27T20:38:16","slug":"powerbank-i-bambu-solcellsdriven-elz","status":"publish","type":"product","link":"https:\/\/www.atta45.se\/e-butik\/produkt\/powerbank-i-bambu-solcellsdriven-elz\/","title":{"rendered":"Powerbank, i bambu, solcellsdriven,  Elz"},"content":{"rendered":"<p>Solcells-powerbank i bambu med en kapacitet p\u00e5 10 000 mAh, tv\u00e5 USB-A-utg\u00e5ngar och tv\u00e5 Type-C-portar f\u00f6r in- och utg\u00e5ng. Har en tr\u00e5dl\u00f6s laddare p\u00e5 baksidan med en lasergraverad tr\u00e5dl\u00f6s symbol och fem indikatorlampor. Ovansidan har en solpanel (6,3 x 12,8 cm). Tr\u00e5dl\u00f6s utg\u00e5ng: 5V DC\/1A (5W), tr\u00e5dl\u00f6s laddningsr\u00e4ckvidd: 6 mm. Ing\u00e5ng\/utg\u00e5ng via kabel: DC 5V\/2,4A. Utrustad med kortslutnings-, \u00f6verladdnings- och \u00f6verurladdningsskydd. Inkluderar vit 30 cm kabel. Individuellt f\u00f6rpackad i en brun kartong.<\/p>\n","protected":false},"excerpt":{"rendered":"<p>Solcells-powerbank i bambu med en kapacitet p\u00e5 10 000 mAh, tv\u00e5 USB-A-utg\u00e5ngar och tv\u00e5 Type-C-portar f\u00f6r in- och utg\u00e5ng. Har en tr\u00e5dl\u00f6s laddare p\u00e5 baksidan med en lasergraverad tr\u00e5dl\u00f6s symbol och fem indikatorlampor. Ovansidan har en solpanel (6,3 x 12,8 cm). Tr\u00e5dl\u00f6s utg\u00e5ng: 5V DC\/1A (5W), tr\u00e5dl\u00f6s laddningsr\u00e4ckvidd: 6 mm. Ing\u00e5ng\/utg\u00e5ng via kabel: DC 5V\/2,4A. [&hellip;]<\/p>\n","protected":false},"featured_media":380179,"template":"","meta":{"_acf_changed":false,"_seopress_robots_primary_cat":"","_seopress_titles_title":"","_seopress_titles_desc":"","_seopress_robots_index":""},"product_brand":[],"product_cat":[15],"product_tag":[],"class_list":{"0":"post-380178","1":"product","2":"type-product","3":"status-publish","4":"has-post-thumbnail","6":"product_cat-okategoriserad","7":"atta45_taxonomy-elektronik-kontor-sv","8":"atta45_taxonomy-mobiltillbehor-mobiltillbehor-sv","9":"atta45_taxonomy-nyheter-sv","10":"atta45_taxonomy-tema-inspiration-utvalda-produkter-nyheter-sv","11":"atta45_taxonomy-elektronik-kontor-powerbank-speakers-sv","13":"first","14":"instock","15":"taxable","16":"shipping-taxable","17":"purchasable","18":"product-type-variable"},"acf":[],"_links":{"self":[{"href":"https:\/\/www.atta45.se\/e-butik\/wp-json\/wp\/v2\/product\/380178","targetHints":{"allow":["GET"]}}],"collection":[{"href":"https:\/\/www.atta45.se\/e-butik\/wp-json\/wp\/v2\/product"}],"about":[{"href":"https:\/\/www.atta45.se\/e-butik\/wp-json\/wp\/v2\/types\/product"}],"wp:featuredmedia":[{"embeddable":true,"href":"https:\/\/www.atta45.se\/e-butik\/wp-json\/wp\/v2\/media\/380179"}],"wp:attachment":[{"href":"https:\/\/www.atta45.se\/e-butik\/wp-json\/wp\/v2\/media?parent=380178"}],"wp:term":[{"taxonomy":"product_brand","embeddable":true,"href":"https:\/\/www.atta45.se\/e-butik\/wp-json\/wp\/v2\/product_brand?post=380178"},{"taxonomy":"product_cat","embeddable":true,"href":"https:\/\/www.atta45.se\/e-butik\/wp-json\/wp\/v2\/product_cat?post=380178"},{"taxonomy":"product_tag","embeddable":true,"href":"https:\/\/www.atta45.se\/e-butik\/wp-json\/wp\/v2\/product_tag?post=380178"}],"curies":[{"name":"wp","href":"https:\/\/api.w.org\/{rel}","templated":true}]}}