{"id":380090,"date":"2025-09-05T21:02:17","date_gmt":"2025-09-05T19:02:17","guid":{"rendered":"https:\/\/www.atta45.se\/e-butik\/produkt\/flaska-dopper-silver-isolerad-350-ml\/"},"modified":"2025-10-27T21:37:35","modified_gmt":"2025-10-27T20:37:35","slug":"flaska-dopper-silver-isolerad-350-ml","status":"publish","type":"product","link":"https:\/\/www.atta45.se\/e-butik\/produkt\/flaska-dopper-silver-isolerad-350-ml\/","title":{"rendered":"Flaska Dopper Silver Isolerad (350 ml)"},"content":{"rendered":"<p>Det h\u00e4r \u00e4r Dopper Insulated-kollektionen. De h\u00e5llbara, \u00e5teranv\u00e4ndbara (och seri\u00f6st snygga) flaskorna som h\u00e5ller din dryck varm i 9 timmar, kall i 24. Och se till att du r\u00e4ddar v\u00e5ra hav, \u00e5ret runt. F\u00f6r de eng\u00e5ngsvattenflaskor av plast som f\u00f6rorenar v\u00e5ra hav bryr sig inte om ifall det \u00e4r kokhett eller iskallt ute<\/p>\n","protected":false},"excerpt":{"rendered":"<p>Det h\u00e4r \u00e4r Dopper Insulated-kollektionen. De h\u00e5llbara, \u00e5teranv\u00e4ndbara (och seri\u00f6st snygga) flaskorna som h\u00e5ller din dryck varm i 9 timmar, kall i 24. Och se till att du r\u00e4ddar v\u00e5ra hav, \u00e5ret runt. F\u00f6r de eng\u00e5ngsvattenflaskor av plast som f\u00f6rorenar v\u00e5ra hav bryr sig inte om ifall det \u00e4r kokhett eller iskallt ute<\/p>\n","protected":false},"featured_media":380091,"template":"","meta":{"_acf_changed":false,"_seopress_robots_primary_cat":"","_seopress_titles_title":"","_seopress_titles_desc":"","_seopress_robots_index":""},"product_brand":[],"product_cat":[15],"product_tag":[],"class_list":{"0":"post-380090","1":"product","2":"type-product","3":"status-publish","4":"has-post-thumbnail","6":"product_cat-okategoriserad","7":"atta45_taxonomy-flaskor-sv","8":"atta45_taxonomy-tema-inspiration-varumarken-sv","9":"atta45_taxonomy-fritid-vattenflaskor-sv","11":"first","12":"instock","13":"taxable","14":"shipping-taxable","15":"purchasable","16":"product-type-variable"},"acf":[],"_links":{"self":[{"href":"https:\/\/www.atta45.se\/e-butik\/wp-json\/wp\/v2\/product\/380090","targetHints":{"allow":["GET"]}}],"collection":[{"href":"https:\/\/www.atta45.se\/e-butik\/wp-json\/wp\/v2\/product"}],"about":[{"href":"https:\/\/www.atta45.se\/e-butik\/wp-json\/wp\/v2\/types\/product"}],"wp:featuredmedia":[{"embeddable":true,"href":"https:\/\/www.atta45.se\/e-butik\/wp-json\/wp\/v2\/media\/380091"}],"wp:attachment":[{"href":"https:\/\/www.atta45.se\/e-butik\/wp-json\/wp\/v2\/media?parent=380090"}],"wp:term":[{"taxonomy":"product_brand","embeddable":true,"href":"https:\/\/www.atta45.se\/e-butik\/wp-json\/wp\/v2\/product_brand?post=380090"},{"taxonomy":"product_cat","embeddable":true,"href":"https:\/\/www.atta45.se\/e-butik\/wp-json\/wp\/v2\/product_cat?post=380090"},{"taxonomy":"product_tag","embeddable":true,"href":"https:\/\/www.atta45.se\/e-butik\/wp-json\/wp\/v2\/product_tag?post=380090"}],"curies":[{"name":"wp","href":"https:\/\/api.w.org\/{rel}","templated":true}]}}