{"id":380054,"date":"2025-09-05T20:58:19","date_gmt":"2025-09-05T18:58:19","guid":{"rendered":"https:\/\/www.atta45.se\/e-butik\/produkt\/tradlos-laddare-brandcharger-powercharge-5000-eco\/"},"modified":"2025-10-27T21:36:43","modified_gmt":"2025-10-27T20:36:43","slug":"tradlos-laddare-brandcharger-powercharge-5000-eco","status":"publish","type":"product","link":"https:\/\/www.atta45.se\/e-butik\/produkt\/tradlos-laddare-brandcharger-powercharge-5000-eco\/","title":{"rendered":"Tr\u00e5dl\u00f6s laddare, BrandCharger Powercharge 5000 Eco"},"content":{"rendered":"<p>Tr\u00e5dl\u00f6s laddare BrandCharger Powercharge Wireless 5000 Eco \u00e4r en 5 000 mAh powerbank tillverkad av \u00e5tervunnen ABS. St\u00f6der 15 W snabb magnetisk tr\u00e5dl\u00f6s laddning (MagSafe, Qi1, Qi2) och inkluderar en 20 W USB-C-port med PD 3.0 f\u00f6r tr\u00e5dbunden laddning. Har LED-indikator, laddningskabel och smart s\u00e4kerhetschip f\u00f6r fullst\u00e4ndigt skydd. Milj\u00f6v\u00e4nlig och b\u00e4rbar.<\/p>\n","protected":false},"excerpt":{"rendered":"<p>Tr\u00e5dl\u00f6s laddare BrandCharger Powercharge Wireless 5000 Eco \u00e4r en 5 000 mAh powerbank tillverkad av \u00e5tervunnen ABS. St\u00f6der 15 W snabb magnetisk tr\u00e5dl\u00f6s laddning (MagSafe, Qi1, Qi2) och inkluderar en 20 W USB-C-port med PD 3.0 f\u00f6r tr\u00e5dbunden laddning. Har LED-indikator, laddningskabel och smart s\u00e4kerhetschip f\u00f6r fullst\u00e4ndigt skydd. Milj\u00f6v\u00e4nlig och b\u00e4rbar.<\/p>\n","protected":false},"featured_media":380055,"template":"","meta":{"_acf_changed":false,"_seopress_robots_primary_cat":"","_seopress_titles_title":"","_seopress_titles_desc":"","_seopress_robots_index":""},"product_brand":[],"product_cat":[15],"product_tag":[],"class_list":{"0":"post-380054","1":"product","2":"type-product","3":"status-publish","4":"has-post-thumbnail","6":"product_cat-okategoriserad","7":"atta45_taxonomy-elektronik-kontor-datortillbehor-sv","8":"atta45_taxonomy-elektronik-kontor-sv","9":"atta45_taxonomy-elektronik-kontor-kontorsartiklar-sv","10":"atta45_taxonomy-mobiltillbehor-mobiltillbehor-sv","11":"atta45_taxonomy-tema-inspiration-utvalda-produkter-nyheter-sv","12":"atta45_taxonomy-nyheter-sv","13":"atta45_taxonomy-elektronik-kontor-powerbank-speakers-sv","14":"atta45_taxonomy-tema-inspiration-varumarken-sv","16":"first","17":"instock","18":"taxable","19":"shipping-taxable","20":"purchasable","21":"product-type-variable"},"acf":[],"_links":{"self":[{"href":"https:\/\/www.atta45.se\/e-butik\/wp-json\/wp\/v2\/product\/380054","targetHints":{"allow":["GET"]}}],"collection":[{"href":"https:\/\/www.atta45.se\/e-butik\/wp-json\/wp\/v2\/product"}],"about":[{"href":"https:\/\/www.atta45.se\/e-butik\/wp-json\/wp\/v2\/types\/product"}],"wp:featuredmedia":[{"embeddable":true,"href":"https:\/\/www.atta45.se\/e-butik\/wp-json\/wp\/v2\/media\/380055"}],"wp:attachment":[{"href":"https:\/\/www.atta45.se\/e-butik\/wp-json\/wp\/v2\/media?parent=380054"}],"wp:term":[{"taxonomy":"product_brand","embeddable":true,"href":"https:\/\/www.atta45.se\/e-butik\/wp-json\/wp\/v2\/product_brand?post=380054"},{"taxonomy":"product_cat","embeddable":true,"href":"https:\/\/www.atta45.se\/e-butik\/wp-json\/wp\/v2\/product_cat?post=380054"},{"taxonomy":"product_tag","embeddable":true,"href":"https:\/\/www.atta45.se\/e-butik\/wp-json\/wp\/v2\/product_tag?post=380054"}],"curies":[{"name":"wp","href":"https:\/\/api.w.org\/{rel}","templated":true}]}}