{"id":380034,"date":"2025-09-05T20:56:17","date_gmt":"2025-09-05T18:56:17","guid":{"rendered":"https:\/\/www.atta45.se\/e-butik\/produkt\/powerbank-fran-brandcharger-eco\/"},"modified":"2025-10-27T21:36:30","modified_gmt":"2025-10-27T20:36:30","slug":"powerbank-fran-brandcharger-eco","status":"publish","type":"product","link":"https:\/\/www.atta45.se\/e-butik\/produkt\/powerbank-fran-brandcharger-eco\/","title":{"rendered":"Powerbank, fr\u00e5n BrandCharger, Eco"},"content":{"rendered":"<p>BrandCharger Powercharge 10000 Eco \u00e4r en b\u00e4rbar powerbank tillverkad av \u00e5tervunnen ABS med en kapacitet p\u00e5 10 000 mAh. Har inbyggda Lightning- och Type-C-kablar, en 22,5 W USB-A-port med PD 3.0 f\u00f6r snabbladdning och ett smart s\u00e4kerhetschip f\u00f6r skydd mot \u00f6verstr\u00f6m, \u00f6verladdning med mera. Milj\u00f6v\u00e4nlig och p\u00e5litlig med USB-C- och tr\u00e5dl\u00f6s kompatibilitet.<\/p>\n","protected":false},"excerpt":{"rendered":"<p>BrandCharger Powercharge 10000 Eco \u00e4r en b\u00e4rbar powerbank tillverkad av \u00e5tervunnen ABS med en kapacitet p\u00e5 10 000 mAh. Har inbyggda Lightning- och Type-C-kablar, en 22,5 W USB-A-port med PD 3.0 f\u00f6r snabbladdning och ett smart s\u00e4kerhetschip f\u00f6r skydd mot \u00f6verstr\u00f6m, \u00f6verladdning med mera. Milj\u00f6v\u00e4nlig och p\u00e5litlig med USB-C- och tr\u00e5dl\u00f6s kompatibilitet.<\/p>\n","protected":false},"featured_media":380035,"template":"","meta":{"_acf_changed":false,"_seopress_robots_primary_cat":"","_seopress_titles_title":"","_seopress_titles_desc":"","_seopress_robots_index":""},"product_brand":[],"product_cat":[15],"product_tag":[],"class_list":{"0":"post-380034","1":"product","2":"type-product","3":"status-publish","4":"has-post-thumbnail","6":"product_cat-okategoriserad","7":"atta45_taxonomy-elektronik-kontor-sv","8":"atta45_taxonomy-mobiltillbehor-mobiltillbehor-sv","9":"atta45_taxonomy-nyheter-sv","10":"atta45_taxonomy-tema-inspiration-utvalda-produkter-nyheter-sv","11":"atta45_taxonomy-elektronik-kontor-powerbank-speakers-sv","12":"atta45_taxonomy-tema-inspiration-varumarken-sv","14":"first","15":"instock","16":"taxable","17":"shipping-taxable","18":"purchasable","19":"product-type-variable"},"acf":[],"_links":{"self":[{"href":"https:\/\/www.atta45.se\/e-butik\/wp-json\/wp\/v2\/product\/380034","targetHints":{"allow":["GET"]}}],"collection":[{"href":"https:\/\/www.atta45.se\/e-butik\/wp-json\/wp\/v2\/product"}],"about":[{"href":"https:\/\/www.atta45.se\/e-butik\/wp-json\/wp\/v2\/types\/product"}],"wp:featuredmedia":[{"embeddable":true,"href":"https:\/\/www.atta45.se\/e-butik\/wp-json\/wp\/v2\/media\/380035"}],"wp:attachment":[{"href":"https:\/\/www.atta45.se\/e-butik\/wp-json\/wp\/v2\/media?parent=380034"}],"wp:term":[{"taxonomy":"product_brand","embeddable":true,"href":"https:\/\/www.atta45.se\/e-butik\/wp-json\/wp\/v2\/product_brand?post=380034"},{"taxonomy":"product_cat","embeddable":true,"href":"https:\/\/www.atta45.se\/e-butik\/wp-json\/wp\/v2\/product_cat?post=380034"},{"taxonomy":"product_tag","embeddable":true,"href":"https:\/\/www.atta45.se\/e-butik\/wp-json\/wp\/v2\/product_tag?post=380034"}],"curies":[{"name":"wp","href":"https:\/\/api.w.org\/{rel}","templated":true}]}}