{"id":380014,"date":"2025-09-05T20:54:20","date_gmt":"2025-09-05T18:54:20","guid":{"rendered":"https:\/\/www.atta45.se\/e-butik\/produkt\/tradlos-hogtalare-med-powerbank-fran-brandcharger-nano\/"},"modified":"2025-10-27T21:36:18","modified_gmt":"2025-10-27T20:36:18","slug":"tradlos-hogtalare-med-powerbank-fran-brandcharger-nano","status":"publish","type":"product","link":"https:\/\/www.atta45.se\/e-butik\/produkt\/tradlos-hogtalare-med-powerbank-fran-brandcharger-nano\/","title":{"rendered":"Tr\u00e5dl\u00f6s h\u00f6gtalare med powerbank, fr\u00e5n BrandCharger, Nano"},"content":{"rendered":"<p>BrandCharger Nano Charge \u00e4r en kompakt tr\u00e5dl\u00f6s h\u00f6gtalare och powerbank-kombination designad f\u00f6r b\u00e4rbar bekv\u00e4mlighet. Har ett 10W Ambient Harmonics\u2122-system med dubbla element f\u00f6r klart ljud och en inbyggd 5 000 mAh powerbank med snabbladdning upp till 20W (PD3.0- och QC3.0-kompatibel). Inkluderar eleganta aluminiumknappar f\u00f6r paus, uppspelning och volymkontroll. Utrustad med Bluetooth och USB-C-anslutning. Perfekt f\u00f6r proffs p\u00e5 spr\u00e5ng.<\/p>\n","protected":false},"excerpt":{"rendered":"<p>BrandCharger Nano Charge \u00e4r en kompakt tr\u00e5dl\u00f6s h\u00f6gtalare och powerbank-kombination designad f\u00f6r b\u00e4rbar bekv\u00e4mlighet. Har ett 10W Ambient Harmonics\u2122-system med dubbla element f\u00f6r klart ljud och en inbyggd 5 000 mAh powerbank med snabbladdning upp till 20W (PD3.0- och QC3.0-kompatibel). Inkluderar eleganta aluminiumknappar f\u00f6r paus, uppspelning och volymkontroll. Utrustad med Bluetooth och USB-C-anslutning. Perfekt f\u00f6r [&hellip;]<\/p>\n","protected":false},"featured_media":380015,"template":"","meta":{"_acf_changed":false,"_seopress_robots_primary_cat":"","_seopress_titles_title":"","_seopress_titles_desc":"","_seopress_robots_index":""},"product_brand":[],"product_cat":[15],"product_tag":[],"class_list":{"0":"post-380014","1":"product","2":"type-product","3":"status-publish","4":"has-post-thumbnail","6":"product_cat-okategoriserad","7":"atta45_taxonomy-elektronik-kontor-sv","8":"atta45_taxonomy-nyheter-sv","9":"atta45_taxonomy-tema-inspiration-utvalda-produkter-nyheter-sv","10":"atta45_taxonomy-elektronik-kontor-powerbank-speakers-sv","11":"atta45_taxonomy-tema-inspiration-varumarken-sv","13":"first","14":"instock","15":"taxable","16":"shipping-taxable","17":"purchasable","18":"product-type-variable"},"acf":[],"_links":{"self":[{"href":"https:\/\/www.atta45.se\/e-butik\/wp-json\/wp\/v2\/product\/380014","targetHints":{"allow":["GET"]}}],"collection":[{"href":"https:\/\/www.atta45.se\/e-butik\/wp-json\/wp\/v2\/product"}],"about":[{"href":"https:\/\/www.atta45.se\/e-butik\/wp-json\/wp\/v2\/types\/product"}],"wp:featuredmedia":[{"embeddable":true,"href":"https:\/\/www.atta45.se\/e-butik\/wp-json\/wp\/v2\/media\/380015"}],"wp:attachment":[{"href":"https:\/\/www.atta45.se\/e-butik\/wp-json\/wp\/v2\/media?parent=380014"}],"wp:term":[{"taxonomy":"product_brand","embeddable":true,"href":"https:\/\/www.atta45.se\/e-butik\/wp-json\/wp\/v2\/product_brand?post=380014"},{"taxonomy":"product_cat","embeddable":true,"href":"https:\/\/www.atta45.se\/e-butik\/wp-json\/wp\/v2\/product_cat?post=380014"},{"taxonomy":"product_tag","embeddable":true,"href":"https:\/\/www.atta45.se\/e-butik\/wp-json\/wp\/v2\/product_tag?post=380014"}],"curies":[{"name":"wp","href":"https:\/\/api.w.org\/{rel}","templated":true}]}}