{"id":380001,"date":"2025-09-05T20:52:17","date_gmt":"2025-09-05T18:52:17","guid":{"rendered":"https:\/\/www.atta45.se\/e-butik\/produkt\/laptopvaska-fran-brandcharger-metro\/"},"modified":"2025-10-27T21:36:06","modified_gmt":"2025-10-27T20:36:06","slug":"laptopvaska-fran-brandcharger-metro","status":"publish","type":"product","link":"https:\/\/www.atta45.se\/e-butik\/produkt\/laptopvaska-fran-brandcharger-metro\/","title":{"rendered":"Laptopv\u00e4ska fr\u00e5n BrandCharger, Metro"},"content":{"rendered":"<p>BrandCharger Metro arbetsv\u00e4ska tillverkad av \u00e5tervunna PET-flaskor, designad f\u00f6r m\u00e5ngsidig anv\u00e4ndning som handh\u00e5llen ryggs\u00e4ck, axelrem eller crossbody-ryggs\u00e4ck. Har ett rymligt huvudfack med vadderat fodral f\u00f6r b\u00e4rbara datorer upp till 16 tum, plus flera fickor f\u00f6r surfplatta, telefon, laddare, kablar, pennor och anteckningsb\u00f6cker. Inkluderar ytterfickor p\u00e5 sidorna f\u00f6r vattenflaska och paraply. Tillverkad av slitstarkt, vatten- och fl\u00e4ckavvisande touringtyg. Utrustad med dragkedja, b\u00e4rrem och fyra fack.<\/p>\n","protected":false},"excerpt":{"rendered":"<p>BrandCharger Metro arbetsv\u00e4ska tillverkad av \u00e5tervunna PET-flaskor, designad f\u00f6r m\u00e5ngsidig anv\u00e4ndning som handh\u00e5llen ryggs\u00e4ck, axelrem eller crossbody-ryggs\u00e4ck. Har ett rymligt huvudfack med vadderat fodral f\u00f6r b\u00e4rbara datorer upp till 16 tum, plus flera fickor f\u00f6r surfplatta, telefon, laddare, kablar, pennor och anteckningsb\u00f6cker. Inkluderar ytterfickor p\u00e5 sidorna f\u00f6r vattenflaska och paraply. Tillverkad av slitstarkt, vatten- och [&hellip;]<\/p>\n","protected":false},"featured_media":380002,"template":"","meta":{"_acf_changed":false,"_seopress_robots_primary_cat":"","_seopress_titles_title":"","_seopress_titles_desc":"","_seopress_robots_index":""},"product_brand":[],"product_cat":[15],"product_tag":[],"class_list":{"0":"post-380001","1":"product","2":"type-product","3":"status-publish","4":"has-post-thumbnail","6":"product_cat-okategoriserad","7":"atta45_taxonomy-elektronik-kontor-datortillbehor-sv","8":"atta45_taxonomy-elektronik-kontor-dokument-skolvaskor-sv","9":"atta45_taxonomy-vaskor-resetillbehor-dokument-skolvaskor-sv","10":"atta45_taxonomy-tema-inspiration-grona-intryck-sv","11":"atta45_taxonomy-kassar-pasar-kassar-sv","12":"atta45_taxonomy-textil-kontor-foretag-sv","13":"atta45_taxonomy-vaskor-resetillbehor-laptopvaskor-sv","14":"atta45_taxonomy-nyheter-sv","15":"atta45_taxonomy-tema-inspiration-utvalda-produkter-nyheter-sv","16":"atta45_taxonomy-textil-organiskt-sv","17":"atta45_taxonomy-elektronik-kontor-portfoljer-sv","18":"atta45_taxonomy-tema-inspiration-varumarken-sv","19":"atta45_taxonomy-textil-vaskor-bagar-sv","20":"atta45_taxonomy-vaskor-resetillbehor-sv","22":"first","23":"outofstock","24":"taxable","25":"shipping-taxable","26":"product-type-variable"},"acf":[],"_links":{"self":[{"href":"https:\/\/www.atta45.se\/e-butik\/wp-json\/wp\/v2\/product\/380001","targetHints":{"allow":["GET"]}}],"collection":[{"href":"https:\/\/www.atta45.se\/e-butik\/wp-json\/wp\/v2\/product"}],"about":[{"href":"https:\/\/www.atta45.se\/e-butik\/wp-json\/wp\/v2\/types\/product"}],"wp:featuredmedia":[{"embeddable":true,"href":"https:\/\/www.atta45.se\/e-butik\/wp-json\/wp\/v2\/media\/380002"}],"wp:attachment":[{"href":"https:\/\/www.atta45.se\/e-butik\/wp-json\/wp\/v2\/media?parent=380001"}],"wp:term":[{"taxonomy":"product_brand","embeddable":true,"href":"https:\/\/www.atta45.se\/e-butik\/wp-json\/wp\/v2\/product_brand?post=380001"},{"taxonomy":"product_cat","embeddable":true,"href":"https:\/\/www.atta45.se\/e-butik\/wp-json\/wp\/v2\/product_cat?post=380001"},{"taxonomy":"product_tag","embeddable":true,"href":"https:\/\/www.atta45.se\/e-butik\/wp-json\/wp\/v2\/product_tag?post=380001"}],"curies":[{"name":"wp","href":"https:\/\/api.w.org\/{rel}","templated":true}]}}