{"id":379956,"date":"2025-09-05T20:47:17","date_gmt":"2025-09-05T18:47:17","guid":{"rendered":"https:\/\/www.atta45.se\/e-butik\/produkt\/keps-bomull-240-g-m%c2%b2-liora\/"},"modified":"2025-12-17T22:39:05","modified_gmt":"2025-12-17T21:39:05","slug":"keps-bomull-240-g-m%c2%b2-liora","status":"publish","type":"product","link":"https:\/\/www.atta45.se\/e-butik\/produkt\/keps-bomull-240-g-m%c2%b2-liora\/","title":{"rendered":"Keps bomull (240 g\/m\u00b2) Liora"},"content":{"rendered":"<p>Keps i bomull (240 g\/m\u00b2) med tv\u00e4ttad yta, design med 5 paneler och ett 7 cm visir. Justerbar passform med sp\u00e4nne i m\u00e4ssing. Inget foder inuti.<\/p>\n","protected":false},"excerpt":{"rendered":"<p>Keps i bomull (240 g\/m\u00b2) med tv\u00e4ttad yta, design med 5 paneler och ett 7 cm visir. Justerbar passform med sp\u00e4nne i m\u00e4ssing. Inget foder inuti.<\/p>\n","protected":false},"featured_media":0,"template":"","meta":{"_acf_changed":false,"_seopress_robots_primary_cat":"","_seopress_titles_title":"","_seopress_titles_desc":"","_seopress_robots_index":""},"product_brand":[],"product_cat":[15],"product_tag":[],"class_list":{"0":"post-379956","1":"product","2":"type-product","3":"status-publish","5":"product_cat-okategoriserad","6":"atta45_taxonomy-fritid-sv","7":"atta45_taxonomy-fritid-kepsar-mossor-sv","8":"atta45_taxonomy-kepsar-mossor-kepsar-mossor-sv","9":"atta45_taxonomy-reflexer-verktyg-sakerhet-kepsar-mossor-sv","10":"atta45_taxonomy-textil-mossor-kepsar-accessoarer-sv","11":"atta45_taxonomy-tema-inspiration-utvalda-produkter-nyheter-sv","12":"atta45_taxonomy-nyheter-sv","13":"atta45_taxonomy-fritid-uppblasbart-strandartiklar-sv","15":"first","16":"instock","17":"taxable","18":"shipping-taxable","19":"purchasable","20":"product-type-variable"},"acf":[],"_links":{"self":[{"href":"https:\/\/www.atta45.se\/e-butik\/wp-json\/wp\/v2\/product\/379956","targetHints":{"allow":["GET"]}}],"collection":[{"href":"https:\/\/www.atta45.se\/e-butik\/wp-json\/wp\/v2\/product"}],"about":[{"href":"https:\/\/www.atta45.se\/e-butik\/wp-json\/wp\/v2\/types\/product"}],"wp:attachment":[{"href":"https:\/\/www.atta45.se\/e-butik\/wp-json\/wp\/v2\/media?parent=379956"}],"wp:term":[{"taxonomy":"product_brand","embeddable":true,"href":"https:\/\/www.atta45.se\/e-butik\/wp-json\/wp\/v2\/product_brand?post=379956"},{"taxonomy":"product_cat","embeddable":true,"href":"https:\/\/www.atta45.se\/e-butik\/wp-json\/wp\/v2\/product_cat?post=379956"},{"taxonomy":"product_tag","embeddable":true,"href":"https:\/\/www.atta45.se\/e-butik\/wp-json\/wp\/v2\/product_tag?post=379956"}],"curies":[{"name":"wp","href":"https:\/\/api.w.org\/{rel}","templated":true}]}}