{"id":379892,"date":"2025-09-05T20:42:18","date_gmt":"2025-09-05T18:42:18","guid":{"rendered":"https:\/\/www.atta45.se\/e-butik\/produkt\/kulspetspenna-atervunnen-aluminium-calandra\/"},"modified":"2025-10-27T21:34:49","modified_gmt":"2025-10-27T20:34:49","slug":"kulspetspenna-atervunnen-aluminium-calandra","status":"publish","type":"product","link":"https:\/\/www.atta45.se\/e-butik\/produkt\/kulspetspenna-atervunnen-aluminium-calandra\/","title":{"rendered":"Kulspetspenna \u00e5tervunnen aluminium Calandra"},"content":{"rendered":"<p>Kulspetspenna i \u00e5tervunnen aluminium med gummerad yta, bambu pusher och bamburing i kroppen. Har en tryckmekanism, 1,0 mm spetsstorlek och bl\u00e5tt bl\u00e4ck med en ungef\u00e4rlig skrivl\u00e4ngd p\u00e5 800 meter. Inkluderar en graverad logotyp i \u00e5tervunnet aluminium.<\/p>\n","protected":false},"excerpt":{"rendered":"<p>Kulspetspenna i \u00e5tervunnen aluminium med gummerad yta, bambu pusher och bamburing i kroppen. Har en tryckmekanism, 1,0 mm spetsstorlek och bl\u00e5tt bl\u00e4ck med en ungef\u00e4rlig skrivl\u00e4ngd p\u00e5 800 meter. Inkluderar en graverad logotyp i \u00e5tervunnet aluminium.<\/p>\n","protected":false},"featured_media":379893,"template":"","meta":{"_acf_changed":false,"_seopress_robots_primary_cat":"","_seopress_titles_title":"","_seopress_titles_desc":"","_seopress_robots_index":""},"product_brand":[],"product_cat":[15],"product_tag":[],"class_list":{"0":"post-379892","1":"product","2":"type-product","3":"status-publish","4":"has-post-thumbnail","6":"product_cat-okategoriserad","7":"atta45_taxonomy-nyheter-sv","8":"atta45_taxonomy-tema-inspiration-utvalda-produkter-nyheter-sv","9":"atta45_taxonomy-pennor-sv","10":"atta45_taxonomy-pennor-pennor-sv","11":"atta45_taxonomy-elektronik-kontor-pennor-sv","13":"first","14":"instock","15":"taxable","16":"shipping-taxable","17":"purchasable","18":"product-type-variable"},"acf":[],"_links":{"self":[{"href":"https:\/\/www.atta45.se\/e-butik\/wp-json\/wp\/v2\/product\/379892","targetHints":{"allow":["GET"]}}],"collection":[{"href":"https:\/\/www.atta45.se\/e-butik\/wp-json\/wp\/v2\/product"}],"about":[{"href":"https:\/\/www.atta45.se\/e-butik\/wp-json\/wp\/v2\/types\/product"}],"wp:featuredmedia":[{"embeddable":true,"href":"https:\/\/www.atta45.se\/e-butik\/wp-json\/wp\/v2\/media\/379893"}],"wp:attachment":[{"href":"https:\/\/www.atta45.se\/e-butik\/wp-json\/wp\/v2\/media?parent=379892"}],"wp:term":[{"taxonomy":"product_brand","embeddable":true,"href":"https:\/\/www.atta45.se\/e-butik\/wp-json\/wp\/v2\/product_brand?post=379892"},{"taxonomy":"product_cat","embeddable":true,"href":"https:\/\/www.atta45.se\/e-butik\/wp-json\/wp\/v2\/product_cat?post=379892"},{"taxonomy":"product_tag","embeddable":true,"href":"https:\/\/www.atta45.se\/e-butik\/wp-json\/wp\/v2\/product_tag?post=379892"}],"curies":[{"name":"wp","href":"https:\/\/api.w.org\/{rel}","templated":true}]}}