{"id":379830,"date":"2025-09-05T20:36:20","date_gmt":"2025-09-05T18:36:20","guid":{"rendered":"https:\/\/www.atta45.se\/e-butik\/produkt\/ritningssats-plywood-thessaly\/"},"modified":"2025-10-27T21:34:19","modified_gmt":"2025-10-27T20:34:19","slug":"ritningssats-plywood-thessaly","status":"publish","type":"product","link":"https:\/\/www.atta45.se\/e-butik\/produkt\/ritningssats-plywood-thessaly\/","title":{"rendered":"Ritningssats Plywood Thessaly"},"content":{"rendered":"<p>Ritset i plywood med ett tr\u00e4fodral av furu och tr\u00e4handtag, inneh\u00e5llande 66 delar: 12 vaxkritor, 12 f\u00e4rgpennor (v\u00e4ssade), 12 filtpennor, 12 oljekritor, ett limstift, suddgummi, pennv\u00e4ssare, linjal, pensel, 12 f\u00e4rger och en palett. F\u00f6rpackad individuellt i en brun kartong, vilket g\u00f6r att handtaget \u00e4r tillg\u00e4ngligt f\u00f6r transport.<\/p>\n","protected":false},"excerpt":{"rendered":"<p>Ritset i plywood med ett tr\u00e4fodral av furu och tr\u00e4handtag, inneh\u00e5llande 66 delar: 12 vaxkritor, 12 f\u00e4rgpennor (v\u00e4ssade), 12 filtpennor, 12 oljekritor, ett limstift, suddgummi, pennv\u00e4ssare, linjal, pensel, 12 f\u00e4rger och en palett. F\u00f6rpackad individuellt i en brun kartong, vilket g\u00f6r att handtaget \u00e4r tillg\u00e4ngligt f\u00f6r transport.<\/p>\n","protected":false},"featured_media":379831,"template":"","meta":{"_acf_changed":false,"_seopress_robots_primary_cat":"","_seopress_titles_title":"","_seopress_titles_desc":"","_seopress_robots_index":""},"product_brand":[],"product_cat":[15],"product_tag":[],"class_list":{"0":"post-379830","1":"product","2":"type-product","3":"status-publish","4":"has-post-thumbnail","6":"product_cat-okategoriserad","7":"atta45_taxonomy-tema-inspiration-utvalda-produkter-nyheter-sv","8":"atta45_taxonomy-nyheter-sv","9":"atta45_taxonomy-fritid-spel-leksaker-rit-farglaggning-sv","10":"atta45_taxonomy-pennor-rit-farglaggning-sv","11":"atta45_taxonomy-fritid-spel-leksaker-sv","13":"first","14":"instock","15":"taxable","16":"shipping-taxable","17":"purchasable","18":"product-type-variable"},"acf":[],"_links":{"self":[{"href":"https:\/\/www.atta45.se\/e-butik\/wp-json\/wp\/v2\/product\/379830","targetHints":{"allow":["GET"]}}],"collection":[{"href":"https:\/\/www.atta45.se\/e-butik\/wp-json\/wp\/v2\/product"}],"about":[{"href":"https:\/\/www.atta45.se\/e-butik\/wp-json\/wp\/v2\/types\/product"}],"wp:featuredmedia":[{"embeddable":true,"href":"https:\/\/www.atta45.se\/e-butik\/wp-json\/wp\/v2\/media\/379831"}],"wp:attachment":[{"href":"https:\/\/www.atta45.se\/e-butik\/wp-json\/wp\/v2\/media?parent=379830"}],"wp:term":[{"taxonomy":"product_brand","embeddable":true,"href":"https:\/\/www.atta45.se\/e-butik\/wp-json\/wp\/v2\/product_brand?post=379830"},{"taxonomy":"product_cat","embeddable":true,"href":"https:\/\/www.atta45.se\/e-butik\/wp-json\/wp\/v2\/product_cat?post=379830"},{"taxonomy":"product_tag","embeddable":true,"href":"https:\/\/www.atta45.se\/e-butik\/wp-json\/wp\/v2\/product_tag?post=379830"}],"curies":[{"name":"wp","href":"https:\/\/api.w.org\/{rel}","templated":true}]}}