{"id":379782,"date":"2025-09-05T20:30:22","date_gmt":"2025-09-05T18:30:22","guid":{"rendered":"https:\/\/www.atta45.se\/e-butik\/produkt\/solskyddsfaktor-tub-pe-maelis\/"},"modified":"2025-10-27T21:33:50","modified_gmt":"2025-10-27T20:33:50","slug":"solskyddsfaktor-tub-pe-maelis","status":"publish","type":"product","link":"https:\/\/www.atta45.se\/e-butik\/produkt\/solskyddsfaktor-tub-pe-maelis\/","title":{"rendered":"Solskyddsfaktor tub PE Maelis"},"content":{"rendered":"<p>PE solskyddsfaktor tub fylld med 45 ml SPF30 vaniljdoftande solskyddsmedel. Dermatologiskt testad och har en h\u00e5llbarhet p\u00e5 upp till 3 \u00e5r efter produktionsdatum.<\/p>\n","protected":false},"excerpt":{"rendered":"<p>PE solskyddsfaktor tub fylld med 45 ml SPF30 vaniljdoftande solskyddsmedel. Dermatologiskt testad och har en h\u00e5llbarhet p\u00e5 upp till 3 \u00e5r efter produktionsdatum.<\/p>\n","protected":false},"featured_media":379783,"template":"","meta":{"_acf_changed":false,"_seopress_robots_primary_cat":"","_seopress_titles_title":"","_seopress_titles_desc":"","_seopress_robots_index":""},"product_brand":[],"product_cat":[15],"product_tag":[],"class_list":{"0":"post-379782","1":"product","2":"type-product","3":"status-publish","4":"has-post-thumbnail","6":"product_cat-okategoriserad","7":"atta45_taxonomy-halsa-sakerhet-sv","8":"atta45_taxonomy-hem-hushall-sv","9":"atta45_taxonomy-nyheter-sv","10":"atta45_taxonomy-tema-inspiration-utvalda-produkter-nyheter-sv","11":"atta45_taxonomy-reflexer-verktyg-sakerhet-sjukvardstillbehor-sv","13":"first","14":"instock","15":"taxable","16":"shipping-taxable","17":"purchasable","18":"product-type-variable"},"acf":[],"_links":{"self":[{"href":"https:\/\/www.atta45.se\/e-butik\/wp-json\/wp\/v2\/product\/379782","targetHints":{"allow":["GET"]}}],"collection":[{"href":"https:\/\/www.atta45.se\/e-butik\/wp-json\/wp\/v2\/product"}],"about":[{"href":"https:\/\/www.atta45.se\/e-butik\/wp-json\/wp\/v2\/types\/product"}],"wp:featuredmedia":[{"embeddable":true,"href":"https:\/\/www.atta45.se\/e-butik\/wp-json\/wp\/v2\/media\/379783"}],"wp:attachment":[{"href":"https:\/\/www.atta45.se\/e-butik\/wp-json\/wp\/v2\/media?parent=379782"}],"wp:term":[{"taxonomy":"product_brand","embeddable":true,"href":"https:\/\/www.atta45.se\/e-butik\/wp-json\/wp\/v2\/product_brand?post=379782"},{"taxonomy":"product_cat","embeddable":true,"href":"https:\/\/www.atta45.se\/e-butik\/wp-json\/wp\/v2\/product_cat?post=379782"},{"taxonomy":"product_tag","embeddable":true,"href":"https:\/\/www.atta45.se\/e-butik\/wp-json\/wp\/v2\/product_tag?post=379782"}],"curies":[{"name":"wp","href":"https:\/\/api.w.org\/{rel}","templated":true}]}}