{"id":379770,"date":"2025-09-05T20:28:19","date_gmt":"2025-09-05T18:28:19","guid":{"rendered":"https:\/\/www.atta45.se\/e-butik\/produkt\/koksredskapssats-metall-och-tra-sylvan\/"},"modified":"2025-10-27T21:32:59","modified_gmt":"2025-10-27T20:32:59","slug":"koksredskapssats-metall-och-tra-sylvan","status":"publish","type":"product","link":"https:\/\/www.atta45.se\/e-butik\/produkt\/koksredskapssats-metall-och-tra-sylvan\/","title":{"rendered":"K\u00f6ksredskapssats metall och tr\u00e4 Sylvan"},"content":{"rendered":"<p>K\u00f6ksredskapssats i metall och tr\u00e4, inklusive ett rivj\u00e4rn i rostfritt st\u00e5l, pajsked och pizzask\u00e4rare, var och en med ett tr\u00e4handtag. F\u00f6rpackad i en bomullsp\u00e5se med dragsko och dragsko.<\/p>\n","protected":false},"excerpt":{"rendered":"<p>K\u00f6ksredskapssats i metall och tr\u00e4, inklusive ett rivj\u00e4rn i rostfritt st\u00e5l, pajsked och pizzask\u00e4rare, var och en med ett tr\u00e4handtag. F\u00f6rpackad i en bomullsp\u00e5se med dragsko och dragsko.<\/p>\n","protected":false},"featured_media":379771,"template":"","meta":{"_acf_changed":false,"_seopress_robots_primary_cat":"","_seopress_titles_title":"","_seopress_titles_desc":"","_seopress_robots_index":""},"product_brand":[],"product_cat":[15],"product_tag":[],"class_list":{"0":"post-379770","1":"product","2":"type-product","3":"status-publish","4":"has-post-thumbnail","6":"product_cat-okategoriserad","7":"atta45_taxonomy-hem-hushall-koksartiklar-sv","9":"first","10":"instock","11":"taxable","12":"shipping-taxable","13":"purchasable","14":"product-type-variable"},"acf":[],"_links":{"self":[{"href":"https:\/\/www.atta45.se\/e-butik\/wp-json\/wp\/v2\/product\/379770","targetHints":{"allow":["GET"]}}],"collection":[{"href":"https:\/\/www.atta45.se\/e-butik\/wp-json\/wp\/v2\/product"}],"about":[{"href":"https:\/\/www.atta45.se\/e-butik\/wp-json\/wp\/v2\/types\/product"}],"wp:featuredmedia":[{"embeddable":true,"href":"https:\/\/www.atta45.se\/e-butik\/wp-json\/wp\/v2\/media\/379771"}],"wp:attachment":[{"href":"https:\/\/www.atta45.se\/e-butik\/wp-json\/wp\/v2\/media?parent=379770"}],"wp:term":[{"taxonomy":"product_brand","embeddable":true,"href":"https:\/\/www.atta45.se\/e-butik\/wp-json\/wp\/v2\/product_brand?post=379770"},{"taxonomy":"product_cat","embeddable":true,"href":"https:\/\/www.atta45.se\/e-butik\/wp-json\/wp\/v2\/product_cat?post=379770"},{"taxonomy":"product_tag","embeddable":true,"href":"https:\/\/www.atta45.se\/e-butik\/wp-json\/wp\/v2\/product_tag?post=379770"}],"curies":[{"name":"wp","href":"https:\/\/api.w.org\/{rel}","templated":true}]}}