{"id":379750,"date":"2025-09-05T20:26:19","date_gmt":"2025-09-05T18:26:19","guid":{"rendered":"https:\/\/www.atta45.se\/e-butik\/produkt\/dricksflaska-rpet-enkelvaggig-750-ml-aisling\/"},"modified":"2025-10-27T21:32:45","modified_gmt":"2025-10-27T20:32:45","slug":"dricksflaska-rpet-enkelvaggig-750-ml-aisling","status":"publish","type":"product","link":"https:\/\/www.atta45.se\/e-butik\/produkt\/dricksflaska-rpet-enkelvaggig-750-ml-aisling\/","title":{"rendered":"Dricksflaska rPET enkelv\u00e4ggig (750 ml) Aisling"},"content":{"rendered":"<p>rPET enkelv\u00e4ggig dricksflaska (750 ml) med PP-lock med en bambudetalj p\u00e5 toppen och en b\u00e4rrem i silikon. Individuellt f\u00f6rpackad i en \u00e5tervunnen polybag, med \u00e4ggl\u00e5def\u00f6rpackning f\u00f6r leverans.<\/p>\n","protected":false},"excerpt":{"rendered":"<p>rPET enkelv\u00e4ggig dricksflaska (750 ml) med PP-lock med en bambudetalj p\u00e5 toppen och en b\u00e4rrem i silikon. Individuellt f\u00f6rpackad i en \u00e5tervunnen polybag, med \u00e4ggl\u00e5def\u00f6rpackning f\u00f6r leverans.<\/p>\n","protected":false},"featured_media":379751,"template":"","meta":{"_acf_changed":false,"_seopress_robots_primary_cat":"","_seopress_titles_title":"","_seopress_titles_desc":"","_seopress_robots_index":""},"product_brand":[],"product_cat":[15],"product_tag":[],"class_list":{"0":"post-379750","1":"product","2":"type-product","3":"status-publish","4":"has-post-thumbnail","6":"product_cat-okategoriserad","7":"atta45_taxonomy-flaskor-sv","8":"atta45_taxonomy-fritid-vattenflaskor-sv","10":"first","11":"instock","12":"taxable","13":"shipping-taxable","14":"purchasable","15":"product-type-variable"},"acf":[],"_links":{"self":[{"href":"https:\/\/www.atta45.se\/e-butik\/wp-json\/wp\/v2\/product\/379750","targetHints":{"allow":["GET"]}}],"collection":[{"href":"https:\/\/www.atta45.se\/e-butik\/wp-json\/wp\/v2\/product"}],"about":[{"href":"https:\/\/www.atta45.se\/e-butik\/wp-json\/wp\/v2\/types\/product"}],"wp:featuredmedia":[{"embeddable":true,"href":"https:\/\/www.atta45.se\/e-butik\/wp-json\/wp\/v2\/media\/379751"}],"wp:attachment":[{"href":"https:\/\/www.atta45.se\/e-butik\/wp-json\/wp\/v2\/media?parent=379750"}],"wp:term":[{"taxonomy":"product_brand","embeddable":true,"href":"https:\/\/www.atta45.se\/e-butik\/wp-json\/wp\/v2\/product_brand?post=379750"},{"taxonomy":"product_cat","embeddable":true,"href":"https:\/\/www.atta45.se\/e-butik\/wp-json\/wp\/v2\/product_cat?post=379750"},{"taxonomy":"product_tag","embeddable":true,"href":"https:\/\/www.atta45.se\/e-butik\/wp-json\/wp\/v2\/product_tag?post=379750"}],"curies":[{"name":"wp","href":"https:\/\/api.w.org\/{rel}","templated":true}]}}