{"id":379730,"date":"2025-09-05T20:22:14","date_gmt":"2025-09-05T18:22:14","guid":{"rendered":"https:\/\/www.atta45.se\/e-butik\/produkt\/sportvaska-rpet-corliss\/"},"modified":"2025-10-27T21:32:33","modified_gmt":"2025-10-27T20:32:33","slug":"sportvaska-rpet-corliss","status":"publish","type":"product","link":"https:\/\/www.atta45.se\/e-butik\/produkt\/sportvaska-rpet-corliss\/","title":{"rendered":"Sportv\u00e4ska rPET Corliss"},"content":{"rendered":"<p>rPET sportv\u00e4ska tillverkad av filt med b\u00e4rhandtag i canvas och en justerbar axelrem. Har ett stort fack med dragkedja och ett litet fack med dragkedja p\u00e5 framsidan. Inkluderar en rPET-etikett. Kapacitet: 30L. B\u00e4rf\u00f6rm\u00e5ga: 10 kg.<\/p>\n","protected":false},"excerpt":{"rendered":"<p>rPET sportv\u00e4ska tillverkad av filt med b\u00e4rhandtag i canvas och en justerbar axelrem. Har ett stort fack med dragkedja och ett litet fack med dragkedja p\u00e5 framsidan. Inkluderar en rPET-etikett. Kapacitet: 30L. B\u00e4rf\u00f6rm\u00e5ga: 10 kg.<\/p>\n","protected":false},"featured_media":379731,"template":"","meta":{"_acf_changed":false,"_seopress_robots_primary_cat":"","_seopress_titles_title":"","_seopress_titles_desc":"","_seopress_robots_index":""},"product_brand":[],"product_cat":[15],"product_tag":[],"class_list":{"0":"post-379730","1":"product","2":"type-product","3":"status-publish","4":"has-post-thumbnail","6":"product_cat-okategoriserad","7":"atta45_taxonomy-tema-inspiration-utvalda-produkter-nyheter-sv","8":"atta45_taxonomy-nyheter-sv","9":"atta45_taxonomy-textil-sport-performance-sv","10":"atta45_taxonomy-fritid-sportartiklar-sv","11":"atta45_taxonomy-vaskor-resetillbehor-sport-resvaskor-sv","12":"atta45_taxonomy-textil-vaskor-bagar-sv","13":"atta45_taxonomy-vaskor-resetillbehor-sv","15":"first","16":"instock","17":"taxable","18":"shipping-taxable","19":"purchasable","20":"product-type-variable"},"acf":[],"_links":{"self":[{"href":"https:\/\/www.atta45.se\/e-butik\/wp-json\/wp\/v2\/product\/379730","targetHints":{"allow":["GET"]}}],"collection":[{"href":"https:\/\/www.atta45.se\/e-butik\/wp-json\/wp\/v2\/product"}],"about":[{"href":"https:\/\/www.atta45.se\/e-butik\/wp-json\/wp\/v2\/types\/product"}],"wp:featuredmedia":[{"embeddable":true,"href":"https:\/\/www.atta45.se\/e-butik\/wp-json\/wp\/v2\/media\/379731"}],"wp:attachment":[{"href":"https:\/\/www.atta45.se\/e-butik\/wp-json\/wp\/v2\/media?parent=379730"}],"wp:term":[{"taxonomy":"product_brand","embeddable":true,"href":"https:\/\/www.atta45.se\/e-butik\/wp-json\/wp\/v2\/product_brand?post=379730"},{"taxonomy":"product_cat","embeddable":true,"href":"https:\/\/www.atta45.se\/e-butik\/wp-json\/wp\/v2\/product_cat?post=379730"},{"taxonomy":"product_tag","embeddable":true,"href":"https:\/\/www.atta45.se\/e-butik\/wp-json\/wp\/v2\/product_tag?post=379730"}],"curies":[{"name":"wp","href":"https:\/\/api.w.org\/{rel}","templated":true}]}}