{"id":379714,"date":"2025-09-05T20:21:13","date_gmt":"2025-09-05T18:21:13","guid":{"rendered":"https:\/\/www.atta45.se\/e-butik\/produkt\/bollspelsset-fanga-abs-oberon\/"},"modified":"2025-10-27T21:32:18","modified_gmt":"2025-10-27T20:32:18","slug":"bollspelsset-fanga-abs-oberon","status":"publish","type":"product","link":"https:\/\/www.atta45.se\/e-butik\/produkt\/bollspelsset-fanga-abs-oberon\/","title":{"rendered":"Bollspelsset f\u00e5nga ABS Oberon"},"content":{"rendered":"<p>ABS catch ball game set med tv\u00e5 h\u00e5llare och tv\u00e5 catch balls per h\u00e5llare. Har en l\u00e5sfunktion p\u00e5 handtaget f\u00f6r att h\u00e5lla h\u00e5llarna st\u00e4ngda och kardborreband p\u00e5 varje sida f\u00f6r att f\u00e4sta h\u00e5llarna i dina h\u00e4nder. Individuellt f\u00f6rpackad i en brun kartong<\/p>\n","protected":false},"excerpt":{"rendered":"<p>ABS catch ball game set med tv\u00e5 h\u00e5llare och tv\u00e5 catch balls per h\u00e5llare. Har en l\u00e5sfunktion p\u00e5 handtaget f\u00f6r att h\u00e5lla h\u00e5llarna st\u00e4ngda och kardborreband p\u00e5 varje sida f\u00f6r att f\u00e4sta h\u00e5llarna i dina h\u00e4nder. Individuellt f\u00f6rpackad i en brun kartong<\/p>\n","protected":false},"featured_media":379715,"template":"","meta":{"_acf_changed":false,"_seopress_robots_primary_cat":"","_seopress_titles_title":"","_seopress_titles_desc":"","_seopress_robots_index":""},"product_brand":[],"product_cat":[15],"product_tag":[],"class_list":{"0":"post-379714","1":"product","2":"type-product","3":"status-publish","4":"has-post-thumbnail","6":"product_cat-okategoriserad","7":"atta45_taxonomy-nyheter-sv","8":"atta45_taxonomy-tema-inspiration-utvalda-produkter-nyheter-sv","9":"atta45_taxonomy-fritid-spel-leksaker-spel-sv","10":"atta45_taxonomy-fritid-spel-leksaker-sv","11":"atta45_taxonomy-fritid-spel-leksaker-uppblasbart-strandartiklar-sv","13":"first","14":"instock","15":"taxable","16":"shipping-taxable","17":"purchasable","18":"product-type-variable"},"acf":[],"_links":{"self":[{"href":"https:\/\/www.atta45.se\/e-butik\/wp-json\/wp\/v2\/product\/379714","targetHints":{"allow":["GET"]}}],"collection":[{"href":"https:\/\/www.atta45.se\/e-butik\/wp-json\/wp\/v2\/product"}],"about":[{"href":"https:\/\/www.atta45.se\/e-butik\/wp-json\/wp\/v2\/types\/product"}],"wp:featuredmedia":[{"embeddable":true,"href":"https:\/\/www.atta45.se\/e-butik\/wp-json\/wp\/v2\/media\/379715"}],"wp:attachment":[{"href":"https:\/\/www.atta45.se\/e-butik\/wp-json\/wp\/v2\/media?parent=379714"}],"wp:term":[{"taxonomy":"product_brand","embeddable":true,"href":"https:\/\/www.atta45.se\/e-butik\/wp-json\/wp\/v2\/product_brand?post=379714"},{"taxonomy":"product_cat","embeddable":true,"href":"https:\/\/www.atta45.se\/e-butik\/wp-json\/wp\/v2\/product_cat?post=379714"},{"taxonomy":"product_tag","embeddable":true,"href":"https:\/\/www.atta45.se\/e-butik\/wp-json\/wp\/v2\/product_tag?post=379714"}],"curies":[{"name":"wp","href":"https:\/\/api.w.org\/{rel}","templated":true}]}}