{"id":37969,"date":"2024-12-26T18:27:08","date_gmt":"2024-12-26T17:27:08","guid":{"rendered":"https:\/\/www.atta45.se\/e-butik\/?post_type=product&#038;p=37969"},"modified":"2025-10-28T04:35:35","modified_gmt":"2025-10-28T03:35:35","slug":"rund-takdisplay","status":"publish","type":"product","link":"https:\/\/www.atta45.se\/e-butik\/produkt\/rund-takdisplay\/","title":{"rendered":"Takdisplay rund"},"content":{"rendered":"<p>Det perfekta redskapet f\u00f6r att annonsera din plats p\u00e5 m\u00e4ssan.Levereras komplett med vajer f\u00f6r upph\u00e4ngning. Packad i en svart nylonv\u00e4ska.<\/p>\n","protected":false},"excerpt":{"rendered":"<p>Det perfekta redskapet f\u00f6r att annonsera din plats p\u00e5 m\u00e4ssan.Levereras komplett med vajer f\u00f6r upph\u00e4ngning. Packad i en svart nylonv\u00e4ska.<\/p>\n","protected":false},"featured_media":37973,"template":"","meta":{"_acf_changed":false,"_seopress_robots_primary_cat":"","_seopress_titles_title":"","_seopress_titles_desc":"","_seopress_robots_index":""},"product_brand":[],"product_cat":[15],"product_tag":[],"class_list":{"0":"post-37969","1":"product","2":"type-product","3":"status-publish","4":"has-post-thumbnail","6":"product_cat-okategoriserad","7":"atta45_taxonomy-expo-event-takdisplayer-sv","9":"first","10":"instock","11":"taxable","12":"shipping-taxable","13":"purchasable","14":"product-type-variable"},"acf":[],"_links":{"self":[{"href":"https:\/\/www.atta45.se\/e-butik\/wp-json\/wp\/v2\/product\/37969","targetHints":{"allow":["GET"]}}],"collection":[{"href":"https:\/\/www.atta45.se\/e-butik\/wp-json\/wp\/v2\/product"}],"about":[{"href":"https:\/\/www.atta45.se\/e-butik\/wp-json\/wp\/v2\/types\/product"}],"wp:featuredmedia":[{"embeddable":true,"href":"https:\/\/www.atta45.se\/e-butik\/wp-json\/wp\/v2\/media\/37973"}],"wp:attachment":[{"href":"https:\/\/www.atta45.se\/e-butik\/wp-json\/wp\/v2\/media?parent=37969"}],"wp:term":[{"taxonomy":"product_brand","embeddable":true,"href":"https:\/\/www.atta45.se\/e-butik\/wp-json\/wp\/v2\/product_brand?post=37969"},{"taxonomy":"product_cat","embeddable":true,"href":"https:\/\/www.atta45.se\/e-butik\/wp-json\/wp\/v2\/product_cat?post=37969"},{"taxonomy":"product_tag","embeddable":true,"href":"https:\/\/www.atta45.se\/e-butik\/wp-json\/wp\/v2\/product_tag?post=37969"}],"curies":[{"name":"wp","href":"https:\/\/api.w.org\/{rel}","templated":true}]}}