{"id":379680,"date":"2025-09-05T20:18:14","date_gmt":"2025-09-05T18:18:14","guid":{"rendered":"https:\/\/www.atta45.se\/e-butik\/produkt\/flaska-rostfritt-stal-dubbelvagg-800-ml-zinnia\/"},"modified":"2025-10-27T21:32:05","modified_gmt":"2025-10-27T20:32:05","slug":"flaska-rostfritt-stal-dubbelvagg-800-ml-zinnia","status":"publish","type":"product","link":"https:\/\/www.atta45.se\/e-butik\/produkt\/flaska-rostfritt-stal-dubbelvagg-800-ml-zinnia\/","title":{"rendered":"Flaska rostfritt st\u00e5l dubbelv\u00e4gg (800 ml) Zinnia"},"content":{"rendered":"<p>Dubbelv\u00e4ggig flaska i rostfritt st\u00e5l med en kapacitet p\u00e5 800 ml. Interi\u00f6ren \u00e4r gjord av rostfritt st\u00e5l 304, och exteri\u00f6ren \u00e4r rostfritt st\u00e5l 201. Har ett lock med PP-skruvlock. Locket har ett b\u00e4rhandtag som \u00e4ven fungerar som ett starkt magnetiskt telefonstativ. Individuellt f\u00f6rpackad i en brun kartong.<\/p>\n","protected":false},"excerpt":{"rendered":"<p>Dubbelv\u00e4ggig flaska i rostfritt st\u00e5l med en kapacitet p\u00e5 800 ml. Interi\u00f6ren \u00e4r gjord av rostfritt st\u00e5l 304, och exteri\u00f6ren \u00e4r rostfritt st\u00e5l 201. Har ett lock med PP-skruvlock. Locket har ett b\u00e4rhandtag som \u00e4ven fungerar som ett starkt magnetiskt telefonstativ. Individuellt f\u00f6rpackad i en brun kartong.<\/p>\n","protected":false},"featured_media":379681,"template":"","meta":{"_acf_changed":false,"_seopress_robots_primary_cat":"","_seopress_titles_title":"","_seopress_titles_desc":"","_seopress_robots_index":""},"product_brand":[],"product_cat":[15],"product_tag":[],"class_list":{"0":"post-379680","1":"product","2":"type-product","3":"status-publish","4":"has-post-thumbnail","6":"product_cat-okategoriserad","7":"atta45_taxonomy-flaskor-sv","8":"atta45_taxonomy-tema-inspiration-utvalda-produkter-nyheter-sv","9":"atta45_taxonomy-nyheter-sv","10":"atta45_taxonomy-fritid-vattenflaskor-sv","12":"first","13":"instock","14":"taxable","15":"shipping-taxable","16":"purchasable","17":"product-type-variable"},"acf":[],"_links":{"self":[{"href":"https:\/\/www.atta45.se\/e-butik\/wp-json\/wp\/v2\/product\/379680","targetHints":{"allow":["GET"]}}],"collection":[{"href":"https:\/\/www.atta45.se\/e-butik\/wp-json\/wp\/v2\/product"}],"about":[{"href":"https:\/\/www.atta45.se\/e-butik\/wp-json\/wp\/v2\/types\/product"}],"wp:featuredmedia":[{"embeddable":true,"href":"https:\/\/www.atta45.se\/e-butik\/wp-json\/wp\/v2\/media\/379681"}],"wp:attachment":[{"href":"https:\/\/www.atta45.se\/e-butik\/wp-json\/wp\/v2\/media?parent=379680"}],"wp:term":[{"taxonomy":"product_brand","embeddable":true,"href":"https:\/\/www.atta45.se\/e-butik\/wp-json\/wp\/v2\/product_brand?post=379680"},{"taxonomy":"product_cat","embeddable":true,"href":"https:\/\/www.atta45.se\/e-butik\/wp-json\/wp\/v2\/product_cat?post=379680"},{"taxonomy":"product_tag","embeddable":true,"href":"https:\/\/www.atta45.se\/e-butik\/wp-json\/wp\/v2\/product_tag?post=379680"}],"curies":[{"name":"wp","href":"https:\/\/api.w.org\/{rel}","templated":true}]}}