{"id":379662,"date":"2025-09-05T20:17:15","date_gmt":"2025-09-05T18:17:15","guid":{"rendered":"https:\/\/www.atta45.se\/e-butik\/produkt\/lampa-abs-hadrian\/"},"modified":"2025-10-27T21:31:53","modified_gmt":"2025-10-27T20:31:53","slug":"lampa-abs-hadrian","status":"publish","type":"product","link":"https:\/\/www.atta45.se\/e-butik\/produkt\/lampa-abs-hadrian\/","title":{"rendered":"Lampa ABS Hadrian"},"content":{"rendered":"<p>ABS-lampa med en uppladdningsbar campinglampa med tv\u00e5 ljusfunktioner. Inkluderar en 8 meter l\u00e5ng ljusslinga som kan dras in med en spole. Drivs av ett 1 000 mAh-batteri med Type-C-laddning. Individuellt f\u00f6rpackad i en brun kartong.<\/p>\n","protected":false},"excerpt":{"rendered":"<p>ABS-lampa med en uppladdningsbar campinglampa med tv\u00e5 ljusfunktioner. Inkluderar en 8 meter l\u00e5ng ljusslinga som kan dras in med en spole. Drivs av ett 1 000 mAh-batteri med Type-C-laddning. Individuellt f\u00f6rpackad i en brun kartong.<\/p>\n","protected":false},"featured_media":379663,"template":"","meta":{"_acf_changed":false,"_seopress_robots_primary_cat":"","_seopress_titles_title":"","_seopress_titles_desc":"","_seopress_robots_index":""},"product_brand":[],"product_cat":[15],"product_tag":[],"class_list":{"0":"post-379662","1":"product","2":"type-product","3":"status-publish","4":"has-post-thumbnail","6":"product_cat-okategoriserad","7":"atta45_taxonomy-fritid-sv","8":"atta45_taxonomy-nyheter-sv","9":"atta45_taxonomy-tema-inspiration-utvalda-produkter-nyheter-sv","10":"atta45_taxonomy-fritid-overlevnadsprodukter-sv","11":"atta45_taxonomy-reflexer-verktyg-sakerhet-overlevnadsprodukter-sv","13":"first","14":"instock","15":"taxable","16":"shipping-taxable","17":"purchasable","18":"product-type-variable"},"acf":[],"_links":{"self":[{"href":"https:\/\/www.atta45.se\/e-butik\/wp-json\/wp\/v2\/product\/379662","targetHints":{"allow":["GET"]}}],"collection":[{"href":"https:\/\/www.atta45.se\/e-butik\/wp-json\/wp\/v2\/product"}],"about":[{"href":"https:\/\/www.atta45.se\/e-butik\/wp-json\/wp\/v2\/types\/product"}],"wp:featuredmedia":[{"embeddable":true,"href":"https:\/\/www.atta45.se\/e-butik\/wp-json\/wp\/v2\/media\/379663"}],"wp:attachment":[{"href":"https:\/\/www.atta45.se\/e-butik\/wp-json\/wp\/v2\/media?parent=379662"}],"wp:term":[{"taxonomy":"product_brand","embeddable":true,"href":"https:\/\/www.atta45.se\/e-butik\/wp-json\/wp\/v2\/product_brand?post=379662"},{"taxonomy":"product_cat","embeddable":true,"href":"https:\/\/www.atta45.se\/e-butik\/wp-json\/wp\/v2\/product_cat?post=379662"},{"taxonomy":"product_tag","embeddable":true,"href":"https:\/\/www.atta45.se\/e-butik\/wp-json\/wp\/v2\/product_tag?post=379662"}],"curies":[{"name":"wp","href":"https:\/\/api.w.org\/{rel}","templated":true}]}}