{"id":379644,"date":"2025-09-05T20:15:15","date_gmt":"2025-09-05T18:15:15","guid":{"rendered":"https:\/\/www.atta45.se\/e-butik\/produkt\/charcutterie-set-rpet-evelisse\/"},"modified":"2025-10-27T21:31:38","modified_gmt":"2025-10-27T20:31:38","slug":"charcutterie-set-rpet-evelisse","status":"publish","type":"product","link":"https:\/\/www.atta45.se\/e-butik\/produkt\/charcutterie-set-rpet-evelisse\/","title":{"rendered":"Charcutterie-set rPET Evelisse"},"content":{"rendered":"<p>rPET charkuterier i en 600D kardborrest\u00e4ngd p\u00e5se, inklusive tre knivar i rostfritt st\u00e5l med tr\u00e4handtag. Har en rPET-etikett inuti. Livsmedelss\u00e4ker. Individuellt f\u00f6rpackad i en brun kartong.<\/p>\n","protected":false},"excerpt":{"rendered":"<p>rPET charkuterier i en 600D kardborrest\u00e4ngd p\u00e5se, inklusive tre knivar i rostfritt st\u00e5l med tr\u00e4handtag. Har en rPET-etikett inuti. Livsmedelss\u00e4ker. Individuellt f\u00f6rpackad i en brun kartong.<\/p>\n","protected":false},"featured_media":379645,"template":"","meta":{"_acf_changed":false,"_seopress_robots_primary_cat":"","_seopress_titles_title":"","_seopress_titles_desc":"","_seopress_robots_index":""},"product_brand":[],"product_cat":[15],"product_tag":[],"class_list":{"0":"post-379644","1":"product","2":"type-product","3":"status-publish","4":"has-post-thumbnail","6":"product_cat-okategoriserad","7":"atta45_taxonomy-hem-hushall-koksartiklar-sv","8":"atta45_taxonomy-nyheter-sv","9":"atta45_taxonomy-tema-inspiration-utvalda-produkter-nyheter-sv","11":"first","12":"instock","13":"taxable","14":"shipping-taxable","15":"purchasable","16":"product-type-variable"},"acf":[],"_links":{"self":[{"href":"https:\/\/www.atta45.se\/e-butik\/wp-json\/wp\/v2\/product\/379644","targetHints":{"allow":["GET"]}}],"collection":[{"href":"https:\/\/www.atta45.se\/e-butik\/wp-json\/wp\/v2\/product"}],"about":[{"href":"https:\/\/www.atta45.se\/e-butik\/wp-json\/wp\/v2\/types\/product"}],"wp:featuredmedia":[{"embeddable":true,"href":"https:\/\/www.atta45.se\/e-butik\/wp-json\/wp\/v2\/media\/379645"}],"wp:attachment":[{"href":"https:\/\/www.atta45.se\/e-butik\/wp-json\/wp\/v2\/media?parent=379644"}],"wp:term":[{"taxonomy":"product_brand","embeddable":true,"href":"https:\/\/www.atta45.se\/e-butik\/wp-json\/wp\/v2\/product_brand?post=379644"},{"taxonomy":"product_cat","embeddable":true,"href":"https:\/\/www.atta45.se\/e-butik\/wp-json\/wp\/v2\/product_cat?post=379644"},{"taxonomy":"product_tag","embeddable":true,"href":"https:\/\/www.atta45.se\/e-butik\/wp-json\/wp\/v2\/product_tag?post=379644"}],"curies":[{"name":"wp","href":"https:\/\/api.w.org\/{rel}","templated":true}]}}