{"id":379614,"date":"2025-09-05T20:11:16","date_gmt":"2025-09-05T18:11:16","guid":{"rendered":"https:\/\/www.atta45.se\/e-butik\/produkt\/golfpeggar-i-tra-nyssa\/"},"modified":"2025-10-27T21:30:16","modified_gmt":"2025-10-27T20:30:16","slug":"golfpeggar-i-tra-nyssa","status":"publish","type":"product","link":"https:\/\/www.atta45.se\/e-butik\/produkt\/golfpeggar-i-tra-nyssa\/","title":{"rendered":"Golfpeggar i tr\u00e4 Nyssa"},"content":{"rendered":"<p>Golfpeggar i tr\u00e4, inklusive 6 tr\u00e4tees, 1 pitchfork i bambu och 2 tr\u00e4mark\u00f6rer. F\u00f6rpackad i en bomullsp\u00e5se med dragsko och en etikett inuti.<\/p>\n","protected":false},"excerpt":{"rendered":"<p>Golfpeggar i tr\u00e4, inklusive 6 tr\u00e4tees, 1 pitchfork i bambu och 2 tr\u00e4mark\u00f6rer. F\u00f6rpackad i en bomullsp\u00e5se med dragsko och en etikett inuti.<\/p>\n","protected":false},"featured_media":379615,"template":"","meta":{"_acf_changed":false,"_seopress_robots_primary_cat":"","_seopress_titles_title":"","_seopress_titles_desc":"","_seopress_robots_index":""},"product_brand":[],"product_cat":[15],"product_tag":[],"class_list":{"0":"post-379614","1":"product","2":"type-product","3":"status-publish","4":"has-post-thumbnail","6":"product_cat-okategoriserad","7":"atta45_taxonomy-fritid-spel-leksaker-leksaker-sv","8":"atta45_taxonomy-fritid-spel-leksaker-spel-sv","9":"atta45_taxonomy-fritid-spel-leksaker-sv","10":"atta45_taxonomy-fritid-spel-leksaker-uppblasbart-strandartiklar-sv","12":"first","13":"instock","14":"taxable","15":"shipping-taxable","16":"purchasable","17":"product-type-variable"},"acf":[],"_links":{"self":[{"href":"https:\/\/www.atta45.se\/e-butik\/wp-json\/wp\/v2\/product\/379614","targetHints":{"allow":["GET"]}}],"collection":[{"href":"https:\/\/www.atta45.se\/e-butik\/wp-json\/wp\/v2\/product"}],"about":[{"href":"https:\/\/www.atta45.se\/e-butik\/wp-json\/wp\/v2\/types\/product"}],"wp:featuredmedia":[{"embeddable":true,"href":"https:\/\/www.atta45.se\/e-butik\/wp-json\/wp\/v2\/media\/379615"}],"wp:attachment":[{"href":"https:\/\/www.atta45.se\/e-butik\/wp-json\/wp\/v2\/media?parent=379614"}],"wp:term":[{"taxonomy":"product_brand","embeddable":true,"href":"https:\/\/www.atta45.se\/e-butik\/wp-json\/wp\/v2\/product_brand?post=379614"},{"taxonomy":"product_cat","embeddable":true,"href":"https:\/\/www.atta45.se\/e-butik\/wp-json\/wp\/v2\/product_cat?post=379614"},{"taxonomy":"product_tag","embeddable":true,"href":"https:\/\/www.atta45.se\/e-butik\/wp-json\/wp\/v2\/product_tag?post=379614"}],"curies":[{"name":"wp","href":"https:\/\/api.w.org\/{rel}","templated":true}]}}