{"id":379584,"date":"2025-09-05T20:09:15","date_gmt":"2025-09-05T18:09:15","guid":{"rendered":"https:\/\/www.atta45.se\/e-butik\/produkt\/golfhandduk-rpet-idris\/"},"modified":"2025-10-27T21:30:03","modified_gmt":"2025-10-27T20:30:03","slug":"golfhandduk-rpet-idris","status":"publish","type":"product","link":"https:\/\/www.atta45.se\/e-butik\/produkt\/golfhandduk-rpet-idris\/","title":{"rendered":"Golfhandduk rPET Idris"},"content":{"rendered":"<p>rPET golfhandduk med en integrerad golfbollsp\u00e5se, som m\u00e4ter cirka 31 x 31 cm. Har en metallkrok f\u00f6r enkel fasts\u00e4ttning p\u00e5 din v\u00e4ska och inkluderar en rPET-etikett inuti. Kan tv\u00e4ttas i maskin (kallt).<\/p>\n","protected":false},"excerpt":{"rendered":"<p>rPET golfhandduk med en integrerad golfbollsp\u00e5se, som m\u00e4ter cirka 31 x 31 cm. Har en metallkrok f\u00f6r enkel fasts\u00e4ttning p\u00e5 din v\u00e4ska och inkluderar en rPET-etikett inuti. Kan tv\u00e4ttas i maskin (kallt).<\/p>\n","protected":false},"featured_media":379585,"template":"","meta":{"_acf_changed":false,"_seopress_robots_primary_cat":"","_seopress_titles_title":"","_seopress_titles_desc":"","_seopress_robots_index":""},"product_brand":[],"product_cat":[15],"product_tag":[],"class_list":{"0":"post-379584","1":"product","2":"type-product","3":"status-publish","4":"has-post-thumbnail","6":"product_cat-okategoriserad","7":"atta45_taxonomy-fritid-spel-leksaker-leksaker-sv","8":"atta45_taxonomy-nyheter-sv","9":"atta45_taxonomy-tema-inspiration-utvalda-produkter-nyheter-sv","10":"atta45_taxonomy-fritid-spel-leksaker-spel-sv","11":"atta45_taxonomy-fritid-spel-leksaker-sv","12":"atta45_taxonomy-fritid-spel-leksaker-uppblasbart-strandartiklar-sv","14":"first","15":"instock","16":"taxable","17":"shipping-taxable","18":"purchasable","19":"product-type-variable"},"acf":[],"_links":{"self":[{"href":"https:\/\/www.atta45.se\/e-butik\/wp-json\/wp\/v2\/product\/379584","targetHints":{"allow":["GET"]}}],"collection":[{"href":"https:\/\/www.atta45.se\/e-butik\/wp-json\/wp\/v2\/product"}],"about":[{"href":"https:\/\/www.atta45.se\/e-butik\/wp-json\/wp\/v2\/types\/product"}],"wp:featuredmedia":[{"embeddable":true,"href":"https:\/\/www.atta45.se\/e-butik\/wp-json\/wp\/v2\/media\/379585"}],"wp:attachment":[{"href":"https:\/\/www.atta45.se\/e-butik\/wp-json\/wp\/v2\/media?parent=379584"}],"wp:term":[{"taxonomy":"product_brand","embeddable":true,"href":"https:\/\/www.atta45.se\/e-butik\/wp-json\/wp\/v2\/product_brand?post=379584"},{"taxonomy":"product_cat","embeddable":true,"href":"https:\/\/www.atta45.se\/e-butik\/wp-json\/wp\/v2\/product_cat?post=379584"},{"taxonomy":"product_tag","embeddable":true,"href":"https:\/\/www.atta45.se\/e-butik\/wp-json\/wp\/v2\/product_tag?post=379584"}],"curies":[{"name":"wp","href":"https:\/\/api.w.org\/{rel}","templated":true}]}}