{"id":379552,"date":"2025-09-05T20:05:13","date_gmt":"2025-09-05T18:05:13","guid":{"rendered":"https:\/\/www.atta45.se\/e-butik\/produkt\/bollspel-set-tra-quillian\/"},"modified":"2025-10-27T21:29:40","modified_gmt":"2025-10-27T20:29:40","slug":"bollspel-set-tra-quillian","status":"publish","type":"product","link":"https:\/\/www.atta45.se\/e-butik\/produkt\/bollspel-set-tra-quillian\/","title":{"rendered":"bollspel set Tr\u00e4 Quillian"},"content":{"rendered":"<p>Bollspel i tr\u00e4, inklusive 6 bollar (7 cm vardera) och 1 mindre boll (2 cm). Levereras med ett rep och \u00e4r f\u00f6rpackad som ett set i en bomullsp\u00e5se med dragsko. L\u00e4mplig f\u00f6r 4-6 spelare och perfekt f\u00f6r smidighetsbaserade aktiviteter.<\/p>\n","protected":false},"excerpt":{"rendered":"<p>Bollspel i tr\u00e4, inklusive 6 bollar (7 cm vardera) och 1 mindre boll (2 cm). Levereras med ett rep och \u00e4r f\u00f6rpackad som ett set i en bomullsp\u00e5se med dragsko. L\u00e4mplig f\u00f6r 4-6 spelare och perfekt f\u00f6r smidighetsbaserade aktiviteter.<\/p>\n","protected":false},"featured_media":379553,"template":"","meta":{"_acf_changed":false,"_seopress_robots_primary_cat":"","_seopress_titles_title":"","_seopress_titles_desc":"","_seopress_robots_index":""},"product_brand":[],"product_cat":[15],"product_tag":[],"class_list":{"0":"post-379552","1":"product","2":"type-product","3":"status-publish","4":"has-post-thumbnail","6":"product_cat-okategoriserad","7":"atta45_taxonomy-fritid-spel-leksaker-leksaker-sv","8":"atta45_taxonomy-nyheter-sv","9":"atta45_taxonomy-tema-inspiration-utvalda-produkter-nyheter-sv","10":"atta45_taxonomy-fritid-spel-leksaker-spel-sv","11":"atta45_taxonomy-fritid-spel-leksaker-sv","12":"atta45_taxonomy-fritid-spel-leksaker-uppblasbart-strandartiklar-sv","14":"first","15":"instock","16":"taxable","17":"shipping-taxable","18":"purchasable","19":"product-type-variable"},"acf":[],"_links":{"self":[{"href":"https:\/\/www.atta45.se\/e-butik\/wp-json\/wp\/v2\/product\/379552","targetHints":{"allow":["GET"]}}],"collection":[{"href":"https:\/\/www.atta45.se\/e-butik\/wp-json\/wp\/v2\/product"}],"about":[{"href":"https:\/\/www.atta45.se\/e-butik\/wp-json\/wp\/v2\/types\/product"}],"wp:featuredmedia":[{"embeddable":true,"href":"https:\/\/www.atta45.se\/e-butik\/wp-json\/wp\/v2\/media\/379553"}],"wp:attachment":[{"href":"https:\/\/www.atta45.se\/e-butik\/wp-json\/wp\/v2\/media?parent=379552"}],"wp:term":[{"taxonomy":"product_brand","embeddable":true,"href":"https:\/\/www.atta45.se\/e-butik\/wp-json\/wp\/v2\/product_brand?post=379552"},{"taxonomy":"product_cat","embeddable":true,"href":"https:\/\/www.atta45.se\/e-butik\/wp-json\/wp\/v2\/product_cat?post=379552"},{"taxonomy":"product_tag","embeddable":true,"href":"https:\/\/www.atta45.se\/e-butik\/wp-json\/wp\/v2\/product_tag?post=379552"}],"curies":[{"name":"wp","href":"https:\/\/api.w.org\/{rel}","templated":true}]}}