{"id":379516,"date":"2025-09-05T19:52:52","date_gmt":"2025-09-05T17:52:52","guid":{"rendered":"https:\/\/www.atta45.se\/e-butik\/produkt\/pillerburk-pp-dorian\/"},"modified":"2025-10-27T21:29:14","modified_gmt":"2025-10-27T20:29:14","slug":"pillerburk-pp-dorian","status":"publish","type":"product","link":"https:\/\/www.atta45.se\/e-butik\/produkt\/pillerburk-pp-dorian\/","title":{"rendered":"Pillerburk PP Dorian"},"content":{"rendered":"<p>PP pillerbox med 5 individuella fack, var och en med sitt eget lock. Har en kl\u00e4mst\u00e4ngning f\u00f6r s\u00e4ker f\u00f6rvaring.<\/p>\n","protected":false},"excerpt":{"rendered":"<p>PP pillerbox med 5 individuella fack, var och en med sitt eget lock. Har en kl\u00e4mst\u00e4ngning f\u00f6r s\u00e4ker f\u00f6rvaring.<\/p>\n","protected":false},"featured_media":379517,"template":"","meta":{"_acf_changed":false,"_seopress_robots_primary_cat":"","_seopress_titles_title":"","_seopress_titles_desc":"","_seopress_robots_index":""},"product_brand":[],"product_cat":[15],"product_tag":[],"class_list":{"0":"post-379516","1":"product","2":"type-product","3":"status-publish","4":"has-post-thumbnail","6":"product_cat-okategoriserad","7":"atta45_taxonomy-halsa-sakerhet-sv","8":"atta45_taxonomy-hem-hushall-sv","9":"atta45_taxonomy-tema-inspiration-utvalda-produkter-nyheter-sv","10":"atta45_taxonomy-nyheter-sv","11":"atta45_taxonomy-reflexer-verktyg-sakerhet-sjukvardstillbehor-sv","13":"first","14":"instock","15":"taxable","16":"shipping-taxable","17":"purchasable","18":"product-type-variable"},"acf":[],"_links":{"self":[{"href":"https:\/\/www.atta45.se\/e-butik\/wp-json\/wp\/v2\/product\/379516","targetHints":{"allow":["GET"]}}],"collection":[{"href":"https:\/\/www.atta45.se\/e-butik\/wp-json\/wp\/v2\/product"}],"about":[{"href":"https:\/\/www.atta45.se\/e-butik\/wp-json\/wp\/v2\/types\/product"}],"wp:featuredmedia":[{"embeddable":true,"href":"https:\/\/www.atta45.se\/e-butik\/wp-json\/wp\/v2\/media\/379517"}],"wp:attachment":[{"href":"https:\/\/www.atta45.se\/e-butik\/wp-json\/wp\/v2\/media?parent=379516"}],"wp:term":[{"taxonomy":"product_brand","embeddable":true,"href":"https:\/\/www.atta45.se\/e-butik\/wp-json\/wp\/v2\/product_brand?post=379516"},{"taxonomy":"product_cat","embeddable":true,"href":"https:\/\/www.atta45.se\/e-butik\/wp-json\/wp\/v2\/product_cat?post=379516"},{"taxonomy":"product_tag","embeddable":true,"href":"https:\/\/www.atta45.se\/e-butik\/wp-json\/wp\/v2\/product_tag?post=379516"}],"curies":[{"name":"wp","href":"https:\/\/api.w.org\/{rel}","templated":true}]}}