{"id":379498,"date":"2025-09-05T19:45:19","date_gmt":"2025-09-05T17:45:19","guid":{"rendered":"https:\/\/www.atta45.se\/e-butik\/produkt\/resekudde-polytester-leontine\/"},"modified":"2025-10-27T21:28:03","modified_gmt":"2025-10-27T20:28:03","slug":"resekudde-polytester-leontine","status":"publish","type":"product","link":"https:\/\/www.atta45.se\/e-butik\/produkt\/resekudde-polytester-leontine\/","title":{"rendered":"Resekudde Polytester Leontine"},"content":{"rendered":"<p>Resekuddset i polyester med fyllning av mjuk polyester och PP-bomull. Inkluderar en \u00f6gonmask och f\u00f6rvandlas till en kudde n\u00e4r den \u00f6ppnas med dragkedja. Har en PP-karbinhake f\u00f6r enkel fasts\u00e4ttning under resa.<\/p>\n","protected":false},"excerpt":{"rendered":"<p>Resekuddset i polyester med fyllning av mjuk polyester och PP-bomull. Inkluderar en \u00f6gonmask och f\u00f6rvandlas till en kudde n\u00e4r den \u00f6ppnas med dragkedja. Har en PP-karbinhake f\u00f6r enkel fasts\u00e4ttning under resa.<\/p>\n","protected":false},"featured_media":379499,"template":"","meta":{"_acf_changed":false,"_seopress_robots_primary_cat":"","_seopress_titles_title":"","_seopress_titles_desc":"","_seopress_robots_index":""},"product_brand":[],"product_cat":[15],"product_tag":[],"class_list":{"0":"post-379498","1":"product","2":"type-product","3":"status-publish","4":"has-post-thumbnail","6":"product_cat-okategoriserad","7":"atta45_taxonomy-nyheter-sv","8":"atta45_taxonomy-tema-inspiration-utvalda-produkter-nyheter-sv","9":"atta45_taxonomy-vaskor-resetillbehor-researtiklar-sv","10":"atta45_taxonomy-vaskor-resetillbehor-sv","12":"first","13":"instock","14":"taxable","15":"shipping-taxable","16":"purchasable","17":"product-type-variable"},"acf":[],"_links":{"self":[{"href":"https:\/\/www.atta45.se\/e-butik\/wp-json\/wp\/v2\/product\/379498","targetHints":{"allow":["GET"]}}],"collection":[{"href":"https:\/\/www.atta45.se\/e-butik\/wp-json\/wp\/v2\/product"}],"about":[{"href":"https:\/\/www.atta45.se\/e-butik\/wp-json\/wp\/v2\/types\/product"}],"wp:featuredmedia":[{"embeddable":true,"href":"https:\/\/www.atta45.se\/e-butik\/wp-json\/wp\/v2\/media\/379499"}],"wp:attachment":[{"href":"https:\/\/www.atta45.se\/e-butik\/wp-json\/wp\/v2\/media?parent=379498"}],"wp:term":[{"taxonomy":"product_brand","embeddable":true,"href":"https:\/\/www.atta45.se\/e-butik\/wp-json\/wp\/v2\/product_brand?post=379498"},{"taxonomy":"product_cat","embeddable":true,"href":"https:\/\/www.atta45.se\/e-butik\/wp-json\/wp\/v2\/product_cat?post=379498"},{"taxonomy":"product_tag","embeddable":true,"href":"https:\/\/www.atta45.se\/e-butik\/wp-json\/wp\/v2\/product_tag?post=379498"}],"curies":[{"name":"wp","href":"https:\/\/api.w.org\/{rel}","templated":true}]}}