{"id":37946,"date":"2024-12-26T18:26:51","date_gmt":"2024-12-26T17:26:51","guid":{"rendered":"https:\/\/www.atta45.se\/e-butik\/?post_type=product&#038;p=37946"},"modified":"2025-10-28T04:35:00","modified_gmt":"2025-10-28T03:35:00","slug":"rund-konisk-takdisplay","status":"publish","type":"product","link":"https:\/\/www.atta45.se\/e-butik\/produkt\/rund-konisk-takdisplay\/","title":{"rendered":"Takdisplay Rund Konisk"},"content":{"rendered":"<p>Det perfekta redskapet f\u00f6r att f\u00e5 h\u00f6jd i reklamen p\u00e5 m\u00e4ssan.<\/p>\n<p>Monteras i tak eller i anordning. <\/p>\n<p>Priset inkluderar komplett set. <br \/>Du f\u00e5r tryckt textil  i fullf\u00e4rg, samt stativet.<\/p>\n<p>Du best\u00e4ller till motor som tillbeh\u00f6r.<\/p>\n<p>Levereras i nylonv\u00e4ska<\/p>\n","protected":false},"excerpt":{"rendered":"<p>Det perfekta redskapet f\u00f6r att f\u00e5 h\u00f6jd i reklamen p\u00e5 m\u00e4ssan. Monteras i tak eller i anordning. Priset inkluderar komplett set. Du f\u00e5r tryckt textil i fullf\u00e4rg, samt stativet. Du best\u00e4ller till motor som tillbeh\u00f6r. Levereras i nylonv\u00e4ska<\/p>\n","protected":false},"featured_media":37947,"template":"","meta":{"_acf_changed":false,"_seopress_robots_primary_cat":"","_seopress_titles_title":"","_seopress_titles_desc":"","_seopress_robots_index":""},"product_brand":[],"product_cat":[15],"product_tag":[],"class_list":{"0":"post-37946","1":"product","2":"type-product","3":"status-publish","4":"has-post-thumbnail","6":"product_cat-okategoriserad","7":"atta45_taxonomy-expo-event-takdisplayer-sv","9":"first","10":"instock","11":"taxable","12":"shipping-taxable","13":"purchasable","14":"product-type-variable"},"acf":[],"_links":{"self":[{"href":"https:\/\/www.atta45.se\/e-butik\/wp-json\/wp\/v2\/product\/37946","targetHints":{"allow":["GET"]}}],"collection":[{"href":"https:\/\/www.atta45.se\/e-butik\/wp-json\/wp\/v2\/product"}],"about":[{"href":"https:\/\/www.atta45.se\/e-butik\/wp-json\/wp\/v2\/types\/product"}],"wp:featuredmedia":[{"embeddable":true,"href":"https:\/\/www.atta45.se\/e-butik\/wp-json\/wp\/v2\/media\/37947"}],"wp:attachment":[{"href":"https:\/\/www.atta45.se\/e-butik\/wp-json\/wp\/v2\/media?parent=37946"}],"wp:term":[{"taxonomy":"product_brand","embeddable":true,"href":"https:\/\/www.atta45.se\/e-butik\/wp-json\/wp\/v2\/product_brand?post=37946"},{"taxonomy":"product_cat","embeddable":true,"href":"https:\/\/www.atta45.se\/e-butik\/wp-json\/wp\/v2\/product_cat?post=37946"},{"taxonomy":"product_tag","embeddable":true,"href":"https:\/\/www.atta45.se\/e-butik\/wp-json\/wp\/v2\/product_tag?post=37946"}],"curies":[{"name":"wp","href":"https:\/\/api.w.org\/{rel}","templated":true}]}}